{"id":43131,"date":"2025-07-15T17:52:16","date_gmt":"2025-07-15T15:52:16","guid":{"rendered":"https:\/\/www.vilaweb.cat\/botiga\/?post_type=product&#038;p=43131"},"modified":"2026-02-24T16:33:40","modified_gmt":"2026-02-24T15:33:40","slug":"trencaclosques-anc","status":"publish","type":"product","link":"https:\/\/www.vilaweb.cat\/botiga\/producte\/trencaclosques-anc\/","title":{"rendered":"Trencaclosques ANC"},"content":{"rendered":"<div class=\"product_name_wrap flex_container\">\n<section class=\"pro_name_right mb-3\">\n<div class=\"flex_box\"><\/div>\n<\/section>\n<\/div>\n<div class=\"product-information\">\n<div id=\"product-description-short-653\" class=\"product-description-short truncate_block truncate_cate_desc_0\">\n<div class=\"st_read_more_box\">\n<p dir=\"ltr\" align=\"left\">Ets aficionat als trencaclosques? Has estat a les manifestacions de l\u201911S? Vols tenir un record incre\u00efble? Doncs ja tens aqu\u00ed el teu passatemps preferit m\u00e9s independentista! El trencaclosques de l\u2019Assemblea. Una preciosa imatge de la Diada de l\u201911S de 1000 peces, per experts i pels que ho volen ser.<\/p>\n<\/div>\n<\/div>\n<\/div>\n","protected":false},"excerpt":{"rendered":"<p>1000 peces de cartr\u00f3 de 250 gr i de 1,8 mm de gruix. Mida: 70 x 50 cm. Acabat de les peces brillant. Fotografia a mida. Presentat en caixa a tot color.<\/p>\n","protected":false},"featured_media":43134,"template":"","meta":[],"product_cat":[59,307],"product_tag":[],"_links":{"self":[{"href":"https:\/\/www.vilaweb.cat\/botiga\/wp-json\/wp\/v2\/product\/43131"}],"collection":[{"href":"https:\/\/www.vilaweb.cat\/botiga\/wp-json\/wp\/v2\/product"}],"about":[{"href":"https:\/\/www.vilaweb.cat\/botiga\/wp-json\/wp\/v2\/types\/product"}],"wp:featuredmedia":[{"embeddable":true,"href":"https:\/\/www.vilaweb.cat\/botiga\/wp-json\/wp\/v2\/media\/43134"}],"wp:attachment":[{"href":"https:\/\/www.vilaweb.cat\/botiga\/wp-json\/wp\/v2\/media?parent=43131"}],"wp:term":[{"taxonomy":"product_cat","embeddable":true,"href":"https:\/\/www.vilaweb.cat\/botiga\/wp-json\/wp\/v2\/product_cat?post=43131"},{"taxonomy":"product_tag","embeddable":true,"href":"https:\/\/www.vilaweb.cat\/botiga\/wp-json\/wp\/v2\/product_tag?post=43131"}],"curies":[{"name":"wp","href":"https:\/\/api.w.org\/{rel}","templated":true}]}}