{"id":43070,"date":"2025-07-10T13:53:04","date_gmt":"2025-07-10T11:53:04","guid":{"rendered":"https:\/\/www.vilaweb.cat\/botiga\/?post_type=product&#038;p=43070"},"modified":"2026-03-24T12:45:26","modified_gmt":"2026-03-24T11:45:26","slug":"estoig-farcell","status":"publish","type":"product","link":"https:\/\/www.vilaweb.cat\/botiga\/producte\/estoig-farcell\/","title":{"rendered":"Estoig farcell"},"content":{"rendered":"","protected":false},"excerpt":{"rendered":"<p>Estoig dissenyat amb el teixit de tela catalana amb nansa perqu\u00e8 sigui m\u00e9s f\u00e0cil d\u2019agafar. Ideal per ficar dins la te va bossa.<\/p>\n","protected":false},"featured_media":43071,"template":"","meta":[],"product_cat":[335,305,307,93,102,212],"product_tag":[],"_links":{"self":[{"href":"https:\/\/www.vilaweb.cat\/botiga\/wp-json\/wp\/v2\/product\/43070"}],"collection":[{"href":"https:\/\/www.vilaweb.cat\/botiga\/wp-json\/wp\/v2\/product"}],"about":[{"href":"https:\/\/www.vilaweb.cat\/botiga\/wp-json\/wp\/v2\/types\/product"}],"wp:featuredmedia":[{"embeddable":true,"href":"https:\/\/www.vilaweb.cat\/botiga\/wp-json\/wp\/v2\/media\/43071"}],"wp:attachment":[{"href":"https:\/\/www.vilaweb.cat\/botiga\/wp-json\/wp\/v2\/media?parent=43070"}],"wp:term":[{"taxonomy":"product_cat","embeddable":true,"href":"https:\/\/www.vilaweb.cat\/botiga\/wp-json\/wp\/v2\/product_cat?post=43070"},{"taxonomy":"product_tag","embeddable":true,"href":"https:\/\/www.vilaweb.cat\/botiga\/wp-json\/wp\/v2\/product_tag?post=43070"}],"curies":[{"name":"wp","href":"https:\/\/api.w.org\/{rel}","templated":true}]}}