{"id":42932,"date":"2025-06-30T17:26:03","date_gmt":"2025-06-30T15:26:03","guid":{"rendered":"https:\/\/www.vilaweb.cat\/botiga\/?post_type=product&#038;p=42932"},"modified":"2026-05-08T12:26:48","modified_gmt":"2026-05-08T10:26:48","slug":"passatemps-irreverents-per-a-catalanoaddictes-2","status":"publish","type":"product","link":"https:\/\/www.vilaweb.cat\/botiga\/producte\/passatemps-irreverents-per-a-catalanoaddictes-2\/","title":{"rendered":"Passatemps irreverents per a catalanoaddictes 2"},"content":{"rendered":"<p><strong>Prepareu-vos, catalanoaddictes gamberros irreverents, perqu\u00e8 ja som aqu\u00ed amb un nou volum dels passatemps m\u00e9s desitjats!\u00a0<\/strong><\/p>\n<p>&nbsp;<\/p>\n<p>Noves propostes d&#8217;activitats intel\u00b7ligents i esbojarrades, pensades espec\u00edficament per al p\u00fablic catal\u00e0, que faran suar la cansalada a catalanoaddictes s\u00e8niors i novells, amb constants picades d&#8217;ullet a la\u00a0gastronomia, la televisi\u00f3, els esports, la pol\u00edtica, el sexe, o la cultura catalanes.<\/p>\n<p><strong>Torna el quadern d&#8217;estiu m\u00e9s catalanoaddictiu.\u00a0<\/strong><\/p>\n<p>***<\/p>\n<p>&#8211;\u00a0<strong>Nous formats d&#8217;activitat<\/strong>, com un &#8220;busca i troba&#8221; de Puigdemont, m\u00e9s\u00a0<strong>esports\u00a0<\/strong>i\u00a0<strong>noves personalitat\u00a0<\/strong>catalanes que captaran l&#8217;atenci\u00f3 dels<strong>\u00a0joves catalanoaddictes<\/strong>\u00a0i posaran a prova els<strong>\u00a0catalanoaddictes s\u00e8niors<\/strong>.<\/p>\n<p>&#8211; Activitats molt enginyoses i divertides\u00a0<strong>dirigides espec\u00edficament al p\u00fablic catal\u00e0<\/strong>\u00a0i les seves d\u00e8ries, amb un\u00a0<strong>humor irreverent<\/strong>\u00a0i una punta de mala llet.<\/p>\n<p>&#8211; Encreuats, autodefinits, difer\u00e8ncies, acoloreix, laberints, sopes, jerogl\u00edfics, buscamots, penjats, relaciona, i\u00a0<strong>molt m\u00e9s<\/strong>.<\/p>\n<p>&#8211;\u00a0<strong>Totalment il\u00b7lustrat<\/strong>\u00a0(Cristina Bueno) i amb\u00a0<strong>tres nivells<\/strong>\u00a0de dificultat.<\/p>\n","protected":false},"excerpt":{"rendered":"<p>ISBN: 9788410009660<br \/>\nEDICI\u00d3: 1a<br \/>\nENQUADERNACI\u00d3: Tapa r\u00fastica sense solapes<br \/>\nFORMAT: 21 cm x 27 cm<br \/>\nP\u00c0GINES: 80<br \/>\nIDIOMA: Catal\u00e0<\/p>\n","protected":false},"featured_media":42933,"template":"","meta":[],"product_cat":[59,307,18],"product_tag":[],"_links":{"self":[{"href":"https:\/\/www.vilaweb.cat\/botiga\/wp-json\/wp\/v2\/product\/42932"}],"collection":[{"href":"https:\/\/www.vilaweb.cat\/botiga\/wp-json\/wp\/v2\/product"}],"about":[{"href":"https:\/\/www.vilaweb.cat\/botiga\/wp-json\/wp\/v2\/types\/product"}],"wp:featuredmedia":[{"embeddable":true,"href":"https:\/\/www.vilaweb.cat\/botiga\/wp-json\/wp\/v2\/media\/42933"}],"wp:attachment":[{"href":"https:\/\/www.vilaweb.cat\/botiga\/wp-json\/wp\/v2\/media?parent=42932"}],"wp:term":[{"taxonomy":"product_cat","embeddable":true,"href":"https:\/\/www.vilaweb.cat\/botiga\/wp-json\/wp\/v2\/product_cat?post=42932"},{"taxonomy":"product_tag","embeddable":true,"href":"https:\/\/www.vilaweb.cat\/botiga\/wp-json\/wp\/v2\/product_tag?post=42932"}],"curies":[{"name":"wp","href":"https:\/\/api.w.org\/{rel}","templated":true}]}}