{"id":42893,"date":"2025-06-27T18:13:54","date_gmt":"2025-06-27T16:13:54","guid":{"rendered":"https:\/\/www.vilaweb.cat\/botiga\/?post_type=product&#038;p=42893"},"modified":"2026-04-17T18:52:27","modified_gmt":"2026-04-17T16:52:27","slug":"els-morts-de-mazon","status":"publish","type":"product","link":"https:\/\/www.vilaweb.cat\/botiga\/producte\/els-morts-de-mazon\/","title":{"rendered":"Els morts de Maz\u00f3n"},"content":{"rendered":"<p><i>Els morts de Maz\u00f3n<\/i>\u00a0reconstrueix, a trav\u00e9s d\u2019una cronologia minuciosa, trenada a partir de declaracions judicials, documents notarials i altres materials, qu\u00e8 va passar el dia 29 d\u2019octubre. On era cadasc\u00fa mentre al pa\u00eds passaven coses. Amb qui era o qu\u00e8 deia el president Maz\u00f3n mentre es feien els primers rescats de persones atrapades per les aig\u00fces a la Ribera. Per qu\u00e8 no va cancel\u00b7lar l\u2019agenda. Per qu\u00e8 ning\u00fa del seu gabinet va considerar interessant que es pos\u00e0s al capdavant de l\u2019emerg\u00e8ncia en comptes de dinar amb una comunicadora en el reservat d\u2019un restaurant.<\/p>\n<p>El llibre<i>\u00a0<\/i>es fixa en les v\u00edctimes, en els 228 morts, en les desenes de ferits greus i en les desenes de milers de persones que aquell dia van ser abandonats per un govern que t\u00e9 l\u2019obligaci\u00f3 de protegir la ciutadania. Hi ha els relats colpidors en primera persona d\u2019un home que va perdre sa mare en la resid\u00e8ncia de Paiporta, o el d\u2019una jove que va perdre la parella en l\u2019anomenat\u00a0<i>garatge de la mort<\/i>\u00a0del barri de la Torre de Val\u00e8ncia. I hi ha tamb\u00e9 la r\u00e0bia convertida en persist\u00e8ncia i en fermesa de la societat valenciana que va decidir que no volia callar davant la neglig\u00e8ncia i la deixadesa.<\/p>\n<p>&nbsp;<\/p>\n","protected":false},"excerpt":{"rendered":"<p>AUTOR: Esperan\u00e7a Camps<br \/>\nISBN: 9788409734559<br \/>\nEDICI\u00d3: 1a<br \/>\nENQUADERNACI\u00d3: Tapa r\u00fastica amb solapes<br \/>\nFORMAT: 13 cm x 20 cm<br \/>\nP\u00c0GINES:203<br \/>\nIDIOMA: Catal\u00e0<\/p>\n","protected":false},"featured_media":42894,"template":"","meta":[],"product_cat":[42,321,18,423,212],"product_tag":[],"_links":{"self":[{"href":"https:\/\/www.vilaweb.cat\/botiga\/wp-json\/wp\/v2\/product\/42893"}],"collection":[{"href":"https:\/\/www.vilaweb.cat\/botiga\/wp-json\/wp\/v2\/product"}],"about":[{"href":"https:\/\/www.vilaweb.cat\/botiga\/wp-json\/wp\/v2\/types\/product"}],"wp:featuredmedia":[{"embeddable":true,"href":"https:\/\/www.vilaweb.cat\/botiga\/wp-json\/wp\/v2\/media\/42894"}],"wp:attachment":[{"href":"https:\/\/www.vilaweb.cat\/botiga\/wp-json\/wp\/v2\/media?parent=42893"}],"wp:term":[{"taxonomy":"product_cat","embeddable":true,"href":"https:\/\/www.vilaweb.cat\/botiga\/wp-json\/wp\/v2\/product_cat?post=42893"},{"taxonomy":"product_tag","embeddable":true,"href":"https:\/\/www.vilaweb.cat\/botiga\/wp-json\/wp\/v2\/product_tag?post=42893"}],"curies":[{"name":"wp","href":"https:\/\/api.w.org\/{rel}","templated":true}]}}