{"id":42604,"date":"2025-06-06T19:00:56","date_gmt":"2025-06-06T17:00:56","guid":{"rendered":"https:\/\/www.vilaweb.cat\/botiga\/?post_type=product&#038;p=42604"},"modified":"2026-04-12T13:42:01","modified_gmt":"2026-04-12T11:42:01","slug":"capfica-thi-nivell-baix","status":"publish","type":"product","link":"https:\/\/www.vilaweb.cat\/botiga\/producte\/capfica-thi-nivell-baix\/","title":{"rendered":"Capfica-t\u2019hi! Nivell baix"},"content":{"rendered":"<p dir=\"ltr\">Quan es fa evident la p\u00e8rdua de mem\u00f2ria \u00e9s imprescindible d\u2019incorporar l\u2019estimulaci\u00f3 cognitiva com un h\u00e0bit saludable. D\u2019aquesta manera evitarem que avanci el deteriorament i podrem guanyar qualitat de vida. El cervell t\u00e9 la capacitat d\u2019establir noves connexions neuronals per a compensar danys o lesions. En cas d\u2019una malaltia degenerativa, aconseguirem de conservar les funcions cognitives durant m\u00e9s temps.<\/p>\n<p dir=\"ltr\">Aquest llibre \u00e9s pensat tant per a gent que va tenir poques oportunitats educatives, com per a la que presenta un diagn\u00f2stic neurol\u00f2gic i va perdent capacitat cognitiva. Potser caldr\u00e0 una mica d\u2019ajuda per a resoldre alguns dels exercicis.<br \/>\nPresentem vuitanta exercicis en catal\u00e0 per activar totes les \u00e0rees cognitives d\u2019una manera variada i efectiva. Us seran molt \u00fatils per a la vostra rutina di\u00e0ria.<\/p>\n<p dir=\"ltr\">Capfica-t\u2019hi! Endinseu-vos en aquest m\u00f3n!<\/p>\n<p>Anna Puig \u00e9s Doctora en Psicologia per la Universitat de Barcelona. Desenvolupa la seva activitat professional com a especialista en programes d\u2019Estimulaci\u00f3 Cognitiva. T\u00e9 diferents col\u00b7leccions de llibres publicats en castell\u00e0. Pots consultar-les a la seva web www.annapuig.cat<\/p>\n","protected":false},"excerpt":{"rendered":"<p>Mida del quadern: DINA 4<\/p>\n<p>Impr\u00e8s a color<\/p>\n<p>104 p\u00e0gines<\/p>\n<p>ISBN: 9788412895858<\/p>\n","protected":false},"featured_media":42605,"template":"","meta":[],"product_cat":[307,59,18],"product_tag":[],"_links":{"self":[{"href":"https:\/\/www.vilaweb.cat\/botiga\/wp-json\/wp\/v2\/product\/42604"}],"collection":[{"href":"https:\/\/www.vilaweb.cat\/botiga\/wp-json\/wp\/v2\/product"}],"about":[{"href":"https:\/\/www.vilaweb.cat\/botiga\/wp-json\/wp\/v2\/types\/product"}],"wp:featuredmedia":[{"embeddable":true,"href":"https:\/\/www.vilaweb.cat\/botiga\/wp-json\/wp\/v2\/media\/42605"}],"wp:attachment":[{"href":"https:\/\/www.vilaweb.cat\/botiga\/wp-json\/wp\/v2\/media?parent=42604"}],"wp:term":[{"taxonomy":"product_cat","embeddable":true,"href":"https:\/\/www.vilaweb.cat\/botiga\/wp-json\/wp\/v2\/product_cat?post=42604"},{"taxonomy":"product_tag","embeddable":true,"href":"https:\/\/www.vilaweb.cat\/botiga\/wp-json\/wp\/v2\/product_tag?post=42604"}],"curies":[{"name":"wp","href":"https:\/\/api.w.org\/{rel}","templated":true}]}}