{"id":42594,"date":"2025-06-06T17:13:57","date_gmt":"2025-06-06T15:13:57","guid":{"rendered":"https:\/\/www.vilaweb.cat\/botiga\/?post_type=product&#038;p=42594"},"modified":"2026-01-05T11:27:06","modified_gmt":"2026-01-05T10:27:06","slug":"el-gran-llibre-dels-exploradors-catalans","status":"publish","type":"product","link":"https:\/\/www.vilaweb.cat\/botiga\/producte\/el-gran-llibre-dels-exploradors-catalans\/","title":{"rendered":"El gran llibre dels exploradors catalans"},"content":{"rendered":"<p>Aquest llibre \u00e9s un passaport directe a altres \u00e8poques i indrets, un recorregut llarg, ple\u00a0d\u2019aventures i coneixences al qual ens conviden la prosa amena i plena de detalls.<\/p>\n<p>S\u00f3n exploradors, viatgers, navegants, descobridors, corsaris, pirates, espies, artistes, missioners, militars, esportistes, cient\u00edfics, escriptors catalans que han sentit la crida de voltar el m\u00f3n. Personatges inquiets, din\u00e0mics, delerosos, a voltes investigadors i indagadors de la conducta humana, a voltes \u00e0vids i ambiciosos, com l\u2019\u00e0nima d\u2019Occident. Les aventures, perip\u00e8cies, privacions, gl\u00f2ries, assoliments i drames dels exploradors catalans, fills d\u2019un poble que va viure durant molt de temps en una pen\u00ednsula abocada a la fi del m\u00f3n conegut. Vides apassionants que haurien d\u2019estimular la represa del gran viatge pendent: retrobar el m\u00f3n interior perdut, una altra exploraci\u00f3 de valents.<\/p>\n<p><b>Les grans exploracions catalanes com no ens les havien explicat mai<\/b><strong>.<\/strong><\/p>\n","protected":false},"excerpt":{"rendered":"<p>EDITORIAL: Comanegra<br \/>\nISBN: 9788418022739<br \/>\nEDICI\u00d3: 1a<br \/>\nENQUADERNACI\u00d3: Tapa dura<br \/>\nFORMAT: 20 cm x 27 cm<br \/>\nP\u00c0GINES: 168<br \/>\nIDIOMA: Catal\u00e0<\/p>\n","protected":false},"featured_media":42597,"template":"","meta":[],"product_cat":[45,18],"product_tag":[],"_links":{"self":[{"href":"https:\/\/www.vilaweb.cat\/botiga\/wp-json\/wp\/v2\/product\/42594"}],"collection":[{"href":"https:\/\/www.vilaweb.cat\/botiga\/wp-json\/wp\/v2\/product"}],"about":[{"href":"https:\/\/www.vilaweb.cat\/botiga\/wp-json\/wp\/v2\/types\/product"}],"wp:featuredmedia":[{"embeddable":true,"href":"https:\/\/www.vilaweb.cat\/botiga\/wp-json\/wp\/v2\/media\/42597"}],"wp:attachment":[{"href":"https:\/\/www.vilaweb.cat\/botiga\/wp-json\/wp\/v2\/media?parent=42594"}],"wp:term":[{"taxonomy":"product_cat","embeddable":true,"href":"https:\/\/www.vilaweb.cat\/botiga\/wp-json\/wp\/v2\/product_cat?post=42594"},{"taxonomy":"product_tag","embeddable":true,"href":"https:\/\/www.vilaweb.cat\/botiga\/wp-json\/wp\/v2\/product_tag?post=42594"}],"curies":[{"name":"wp","href":"https:\/\/api.w.org\/{rel}","templated":true}]}}