{"id":42583,"date":"2025-06-06T16:58:20","date_gmt":"2025-06-06T14:58:20","guid":{"rendered":"https:\/\/www.vilaweb.cat\/botiga\/?post_type=product&#038;p=42583"},"modified":"2026-02-25T12:08:09","modified_gmt":"2026-02-25T11:08:09","slug":"panots-joc-de-taula","status":"publish","type":"product","link":"https:\/\/www.vilaweb.cat\/botiga\/producte\/panots-joc-de-taula\/","title":{"rendered":"Panots. Joc de taula"},"content":{"rendered":"<p>Panots\u00a0\u00e9s un joc familiar d&#8217;1 a 7 participants en el qual competir\u00e0s per construir la vorera m\u00e9s valorada. Haur\u00e0s de col\u00b7locar estrat\u00e8gicament els\u00a0panots, les ic\u00f2niques rajoles de la ciutat de Barcelona, seguint les normes de col\u00b7locaci\u00f3 segons les seves formes i colors. Haur\u00e0s de triar els millors\u00a0panots\u00a0per a la teva vorera, o els que podrien complicar-los el joc als teus oponents. Ser\u00e0s capa\u00e7 de superar a la resta?<\/p>\n","protected":false},"excerpt":{"rendered":"<p>+8 Anys<\/p>\n<p>1-7 Jugadors<\/p>\n<p>15 Minuts de partida<\/p>\n","protected":false},"featured_media":42589,"template":"","meta":[],"product_cat":[59,307],"product_tag":[],"_links":{"self":[{"href":"https:\/\/www.vilaweb.cat\/botiga\/wp-json\/wp\/v2\/product\/42583"}],"collection":[{"href":"https:\/\/www.vilaweb.cat\/botiga\/wp-json\/wp\/v2\/product"}],"about":[{"href":"https:\/\/www.vilaweb.cat\/botiga\/wp-json\/wp\/v2\/types\/product"}],"wp:featuredmedia":[{"embeddable":true,"href":"https:\/\/www.vilaweb.cat\/botiga\/wp-json\/wp\/v2\/media\/42589"}],"wp:attachment":[{"href":"https:\/\/www.vilaweb.cat\/botiga\/wp-json\/wp\/v2\/media?parent=42583"}],"wp:term":[{"taxonomy":"product_cat","embeddable":true,"href":"https:\/\/www.vilaweb.cat\/botiga\/wp-json\/wp\/v2\/product_cat?post=42583"},{"taxonomy":"product_tag","embeddable":true,"href":"https:\/\/www.vilaweb.cat\/botiga\/wp-json\/wp\/v2\/product_tag?post=42583"}],"curies":[{"name":"wp","href":"https:\/\/api.w.org\/{rel}","templated":true}]}}