{"id":42438,"date":"2025-05-27T13:30:45","date_gmt":"2025-05-27T11:30:45","guid":{"rendered":"https:\/\/www.vilaweb.cat\/botiga\/?post_type=product&#038;p=42438"},"modified":"2026-02-24T19:03:49","modified_gmt":"2026-02-24T18:03:49","slug":"missa-et-mensa-secrets-de-la-cuina-de-convent","status":"publish","type":"product","link":"https:\/\/www.vilaweb.cat\/botiga\/producte\/missa-et-mensa-secrets-de-la-cuina-de-convent\/","title":{"rendered":"Missa et mensa. Secrets de la cuina de convent"},"content":{"rendered":"<p style=\"text-align: left;\">Els convents caputxins van forjar durant segles una tradici\u00f3 culin\u00e0ria singular, marcada per l\u2019austeritat i uns trets gastron\u00f2mics \u00fanics. A Missa et mensa, Fra Valent\u00ed Serra ens endinsa en monestirs, cuines i refetors per descobrir, a trav\u00e9s dels \u00e0pats m\u00e9s emblem\u00e0tics dels frares caputxins, la seva forma de vida i el seu llegat hist\u00f2ric. Amb una mirada que abasta des del coneixement culinari i agr\u00edcola fins al context social i pol\u00edtic, aquest llibre revela l\u2019origen d\u2019alguns plats que avui considerem tradicionals. El receptari caputx\u00ed es converteix aix\u00ed en font d\u2019inspiraci\u00f3 per a una cuina contempor\u00e0nia basada en els productes de temporada, l\u2019aprofitament dels recursos i la proximitat.<\/p>\n","protected":false},"excerpt":{"rendered":"<p>AUTOR: Fra Valent\u00ed Serra de Manresa<br \/>\nISBN: 9788487023859<br \/>\nEDICI\u00d3: 1a<br \/>\nENQUADERNACI\u00d3: Tapa r\u00fastica amb solapes<br \/>\nFORMAT: 14 cm x 21 cm<br \/>\nP\u00c0GINES: 157<br \/>\nIDIOMA: Catal\u00e0<\/p>\n","protected":false},"featured_media":42439,"template":"","meta":[],"product_cat":[207,18],"product_tag":[],"_links":{"self":[{"href":"https:\/\/www.vilaweb.cat\/botiga\/wp-json\/wp\/v2\/product\/42438"}],"collection":[{"href":"https:\/\/www.vilaweb.cat\/botiga\/wp-json\/wp\/v2\/product"}],"about":[{"href":"https:\/\/www.vilaweb.cat\/botiga\/wp-json\/wp\/v2\/types\/product"}],"wp:featuredmedia":[{"embeddable":true,"href":"https:\/\/www.vilaweb.cat\/botiga\/wp-json\/wp\/v2\/media\/42439"}],"wp:attachment":[{"href":"https:\/\/www.vilaweb.cat\/botiga\/wp-json\/wp\/v2\/media?parent=42438"}],"wp:term":[{"taxonomy":"product_cat","embeddable":true,"href":"https:\/\/www.vilaweb.cat\/botiga\/wp-json\/wp\/v2\/product_cat?post=42438"},{"taxonomy":"product_tag","embeddable":true,"href":"https:\/\/www.vilaweb.cat\/botiga\/wp-json\/wp\/v2\/product_tag?post=42438"}],"curies":[{"name":"wp","href":"https:\/\/api.w.org\/{rel}","templated":true}]}}