{"id":42169,"date":"2025-05-15T12:21:58","date_gmt":"2025-05-15T10:21:58","guid":{"rendered":"https:\/\/www.vilaweb.cat\/botiga\/?post_type=product&#038;p=42169"},"modified":"2026-03-21T09:47:15","modified_gmt":"2026-03-21T08:47:15","slug":"en-defensa-de-valencia-toponimia-i-dominacio-nacional","status":"publish","type":"product","link":"https:\/\/www.vilaweb.cat\/botiga\/producte\/en-defensa-de-valencia-toponimia-i-dominacio-nacional\/","title":{"rendered":"En defensa de Val\u00e8ncia. Topon\u00edmia i dominaci\u00f3 nacional"},"content":{"rendered":"<p style=\"text-align: left;\">En defensa de Val\u00e8ncia. Topon\u00edmia i dominaci\u00f3 nacional ofereix arguments i eines per a fer front a l\u2019onada espanyolista i castellanitzadora que torna a atacar la nostra llengua, i se centra, en aquest cas, en la import\u00e0ncia dels noms dels pobles i de les ciutats, amb la discussi\u00f3 de Val\u00e8ncia, el cap i casal, com a espai simb\u00f2lic.<\/p>\n<p>SINOPSI<\/p>\n<p>La topon\u00edmia \u00e9s un dels espais principals de combat quan es tracta d\u2019un conflicte ling\u00fc\u00edstic. I els conflictes ling\u00fc\u00edstics s\u00f3n, essencialment, conflictes nacionals, que, \u00f2bviament, s\u00f3n els conflictes per excel\u00b7l\u00e8ncia. Per tant, podr\u00edem simplement dir que la topon\u00edmia \u00e9s un dels espais principals de combat, sense necessitat d\u2019afegir-hi res m\u00e9s. El nom que donem a una ciutat expressa molt m\u00e9s que un simple nom: \u00e9s el fil que explica la seua hist\u00f2ria. Val\u00e8ncia, aix\u00ed doncs, no \u00e9s el mateix que Valencia. Enmig d\u2019una nova ofensiva del<br \/>\nnacionalisme espanyol per a accelerar la castellanitzaci\u00f3 del pa\u00eds, oferim eines i arguments per a fer-hi front.<\/p>\n<p>Aquest llibre, per tant, repassa la import\u00e0ncia simb\u00f2lica de la topon\u00edmia com a eina de construcci\u00f3 nacional i ho exemplifica amb la hist\u00f2ria \u2014no acabada\u2014 de la castellanitzaci\u00f3 dels noms dels pobles i de les ciutats valencianes. Com a espai simb\u00f2lic, el llibre fa una cronologia i una argumentaci\u00f3 sobre la castellanitzaci\u00f3 en marxa del top\u00f2nim del cap i casal: Val\u00e8ncia.<\/p>\n","protected":false},"excerpt":{"rendered":"<p>AUTOR: Ricard Chuli\u00e0 Peris<br \/>\nISBN: 9788409723713<br \/>\nEDICI\u00d3: 1a<br \/>\nENQUADERNACI\u00d3: Tapa dura<br \/>\nFORMAT: 14 cm x 21 cm<br \/>\nP\u00c0GINES: 94<br \/>\nIDIOMA: Catal\u00e0<\/p>\n","protected":false},"featured_media":42170,"template":"","meta":[],"product_cat":[42,18],"product_tag":[],"_links":{"self":[{"href":"https:\/\/www.vilaweb.cat\/botiga\/wp-json\/wp\/v2\/product\/42169"}],"collection":[{"href":"https:\/\/www.vilaweb.cat\/botiga\/wp-json\/wp\/v2\/product"}],"about":[{"href":"https:\/\/www.vilaweb.cat\/botiga\/wp-json\/wp\/v2\/types\/product"}],"wp:featuredmedia":[{"embeddable":true,"href":"https:\/\/www.vilaweb.cat\/botiga\/wp-json\/wp\/v2\/media\/42170"}],"wp:attachment":[{"href":"https:\/\/www.vilaweb.cat\/botiga\/wp-json\/wp\/v2\/media?parent=42169"}],"wp:term":[{"taxonomy":"product_cat","embeddable":true,"href":"https:\/\/www.vilaweb.cat\/botiga\/wp-json\/wp\/v2\/product_cat?post=42169"},{"taxonomy":"product_tag","embeddable":true,"href":"https:\/\/www.vilaweb.cat\/botiga\/wp-json\/wp\/v2\/product_tag?post=42169"}],"curies":[{"name":"wp","href":"https:\/\/api.w.org\/{rel}","templated":true}]}}