{"id":42137,"date":"2025-05-07T17:13:36","date_gmt":"2025-05-07T15:13:36","guid":{"rendered":"https:\/\/www.vilaweb.cat\/botiga\/?post_type=product&#038;p=42137"},"modified":"2026-03-21T12:56:21","modified_gmt":"2026-03-21T11:56:21","slug":"twilight-struggle","status":"publish","type":"product","link":"https:\/\/www.vilaweb.cat\/botiga\/producte\/twilight-struggle\/","title":{"rendered":"Twilight Struggle catal\u00e0"},"content":{"rendered":"<p>Twilight Struggle, el wargame cl\u00e0ssic dels jocs de taula moderns, es publica per primera vegada en catal\u00e0.<\/p>\n<p>Devir presenta l\u2019edici\u00f3 en catal\u00e0 d\u2019un dels jocs d\u2019estrat\u00e8gia m\u00e9s reconeguts de la hist\u00f2ria<\/p>\n<p>Aquesta edici\u00f3 inclou una carta especial, \u2018El cas dels catalans\u2019, que tracta el retorn de Tarradellas i la Transici\u00f3 a Catalunya<\/p>\n<p>La nova edici\u00f3, completament tradu\u00efda i adaptada al catal\u00e0, que fa refer\u00e8ncia al retorn de Tarradellas i al proc\u00e9s de Transici\u00f3 pol\u00edtica a Espanya despr\u00e9s de la mort de Franco. Aquesta incorporaci\u00f3 aporta una nova capa tem\u00e0tica al joc i refor\u00e7a el vincle entre hist\u00f2ria local i context global.<\/p>\n","protected":false},"excerpt":{"rendered":"<p>+14 Anys<\/p>\n<p>2 Jugadors<\/p>\n<p>180 Minuts de partida<\/p>\n","protected":false},"featured_media":42140,"template":"","meta":[],"product_cat":[59,307],"product_tag":[],"_links":{"self":[{"href":"https:\/\/www.vilaweb.cat\/botiga\/wp-json\/wp\/v2\/product\/42137"}],"collection":[{"href":"https:\/\/www.vilaweb.cat\/botiga\/wp-json\/wp\/v2\/product"}],"about":[{"href":"https:\/\/www.vilaweb.cat\/botiga\/wp-json\/wp\/v2\/types\/product"}],"wp:featuredmedia":[{"embeddable":true,"href":"https:\/\/www.vilaweb.cat\/botiga\/wp-json\/wp\/v2\/media\/42140"}],"wp:attachment":[{"href":"https:\/\/www.vilaweb.cat\/botiga\/wp-json\/wp\/v2\/media?parent=42137"}],"wp:term":[{"taxonomy":"product_cat","embeddable":true,"href":"https:\/\/www.vilaweb.cat\/botiga\/wp-json\/wp\/v2\/product_cat?post=42137"},{"taxonomy":"product_tag","embeddable":true,"href":"https:\/\/www.vilaweb.cat\/botiga\/wp-json\/wp\/v2\/product_tag?post=42137"}],"curies":[{"name":"wp","href":"https:\/\/api.w.org\/{rel}","templated":true}]}}