{"id":41935,"date":"2025-04-17T13:40:38","date_gmt":"2025-04-17T11:40:38","guid":{"rendered":"https:\/\/www.vilaweb.cat\/botiga\/?post_type=product&#038;p=41935"},"modified":"2025-11-28T17:55:04","modified_gmt":"2025-11-28T16:55:04","slug":"els-xiprers","status":"publish","type":"product","link":"https:\/\/www.vilaweb.cat\/botiga\/producte\/els-xiprers\/","title":{"rendered":"Els xiprers"},"content":{"rendered":"<p><strong>Torna Jair Dominguez amb una novel\u00b7la\u00a0brillant que explora a fons les complexitats\u00a0de la condici\u00f3 humana.<\/strong><\/p>\n<p>En una urbanitzaci\u00f3 id\u00edl\u00b7lica de l\u2019Empord\u00e0, un grup de fam\u00edlies joves crien els seus fills. S\u00f3n els fills dels boomers, que han tingut fills i els eduquen d\u2019una manera mai vista en la hist\u00f2ria de la humanitat: tenen tot el que volen, ning\u00fa els pressiona, cap autoritat plana sobre ells. Quina vida els espera als fills m\u00e9s cuidats, vigilats i protegits de tots els temps?<\/p>\n<p>Entre festes d\u2019aniversari, revetlles de Sant Joan i partits escolars, passen els anys, els nens van creixent i les din\u00e0miques familiars van canviant. En Bru, un d\u2019aquests nens, \u00e9s una persona poc corrent. Intel\u00b7ligent\u00edssim i amb una sensibilitat estranya, t\u00e9 la capacitat de veure qu\u00e8 passar\u00e0, i tot aquell m\u00f3n te\u00f2ricament perfecte comen\u00e7a a ensorrar-se el dia que prediu la mort d\u2019un dels seus companys de classe.<\/p>\n<p><em>Els xiprers<\/em>\u00a0\u00e9s una novel\u00b7la vibrant que explora les particularitats de la vida adulta, amb un mosaic de personatges, cadascun amb les seves lluites i conflictes personals. La novel\u00b7la ofereix una exploraci\u00f3 profunda de la condici\u00f3 humana i les seves complexitats.<\/p>\n","protected":false},"excerpt":{"rendered":"<p>AUTOR: Jair Dominguez<br \/>\nISBN: 9788466433419<br \/>\nEDICI\u00d3: 1a<br \/>\nENQUADERNACI\u00d3: Tapa r\u00fastica amb solapes<br \/>\nFORMAT: 15 cm x 23 cm<br \/>\nP\u00c0GINES: 352<br \/>\nIDIOMA: Catal\u00e0<\/p>\n","protected":false},"featured_media":41936,"template":"","meta":[],"product_cat":[49,18],"product_tag":[],"_links":{"self":[{"href":"https:\/\/www.vilaweb.cat\/botiga\/wp-json\/wp\/v2\/product\/41935"}],"collection":[{"href":"https:\/\/www.vilaweb.cat\/botiga\/wp-json\/wp\/v2\/product"}],"about":[{"href":"https:\/\/www.vilaweb.cat\/botiga\/wp-json\/wp\/v2\/types\/product"}],"wp:featuredmedia":[{"embeddable":true,"href":"https:\/\/www.vilaweb.cat\/botiga\/wp-json\/wp\/v2\/media\/41936"}],"wp:attachment":[{"href":"https:\/\/www.vilaweb.cat\/botiga\/wp-json\/wp\/v2\/media?parent=41935"}],"wp:term":[{"taxonomy":"product_cat","embeddable":true,"href":"https:\/\/www.vilaweb.cat\/botiga\/wp-json\/wp\/v2\/product_cat?post=41935"},{"taxonomy":"product_tag","embeddable":true,"href":"https:\/\/www.vilaweb.cat\/botiga\/wp-json\/wp\/v2\/product_tag?post=41935"}],"curies":[{"name":"wp","href":"https:\/\/api.w.org\/{rel}","templated":true}]}}