{"id":41566,"date":"2025-04-04T18:12:48","date_gmt":"2025-04-04T16:12:48","guid":{"rendered":"https:\/\/www.vilaweb.cat\/botiga\/?post_type=product&#038;p=41566"},"modified":"2026-03-24T18:53:02","modified_gmt":"2026-03-24T17:53:02","slug":"entre-el-paradis-i-lapocalipsi","status":"publish","type":"product","link":"https:\/\/www.vilaweb.cat\/botiga\/producte\/entre-el-paradis-i-lapocalipsi\/","title":{"rendered":"Entre el parad\u00eds i l&#8217;apocalipsi"},"content":{"rendered":"<p>Qu\u00e8 \u00e9s la intel\u00b7lig\u00e8ncia artificial?<\/p>\n<p>Ens obrir\u00e0 les portes d&#8217;un parad\u00eds on els ordinadors ens faran la vida m\u00e9s f\u00e0cil?<\/p>\n<p>O acabar\u00e0 amb el m\u00f3n que coneixem?<\/p>\n<p>Les idees cient\u00edfiques, tecnol\u00f2giques i socials s\u00f3n el motor del progr\u00e9s de la humanitat, com s&#8217;explica a De la sabana a Mart (2023), un llibre convertit en best-seller indiscutible. Hi ha idees petites, mitjanes i grans. I n&#8217;hi ha de transcendentals, que s\u00f3n les que canvien les societats de dalt a baix. Gr\u00e0cies a l&#8217;agricultura i la ramaderia, per exemple, la vida dels humans no va tornar mai a ser igual. I la revoluci\u00f3 energ\u00e8tica va transformar el m\u00f3n d&#8217;una manera encara m\u00e9s dr\u00e0stica.<\/p>\n<p>Avui dia, som al bell mig d&#8217;una tercera gran onada d&#8217;idees transcendentals i revolucion\u00e0ries. Un cop domesticades la producci\u00f3 d&#8217;aliments i l&#8217;energia, ara \u00e9s el torn de la informaci\u00f3, i cap innovaci\u00f3 de la humanitat ha acumulat mai tanta influ\u00e8ncia en tan poc temps!<\/p>\n<p>Tenim al nostre abast tel\u00e8fons intel\u00b7ligents que duem a la butxaca, port\u00e0tils o tauletes, per\u00f2 l&#8217;impacte dels ordinadors a les nostres vides va molt m\u00e9s enll\u00e0: si deixessin de funcionar, la nostra civilitzaci\u00f3 simplement desapareixeria. Tot i aix\u00f2, \u00e9s possible que l&#8217;impacte m\u00e9s gran dels ordinadors encara hagi d&#8217;arribar, perqu\u00e8 les computadores s\u00f3n els motors de la intel\u00b7lig\u00e8ncia artificial, que t\u00e9 com a objectiu que algun dia els ordinadors puguin raonar, crear o imaginar nivell de la mateixa manera que ho fem els humans.<\/p>\n<p>Com millorar\u00e0 la salut? A quin ritme es faran nous descobriments? Quina rendibilitat aconseguiran les empreses? En definitiva, com canviar\u00e0 el m\u00f3n? Tenim al davant un parad\u00eds de benestar i de progr\u00e9s com anuncien algunes veus? O ens encaminem a l&#8217;apocalipsi com auguren altres? Entre el parad\u00eds i l&#8217;apocalipsi (2025) permet descobrir tot el que cal saber sobre la intel\u00b7lig\u00e8ncia artificial: des de la creaci\u00f3 dels primers ordinadors fins a les conseq\u00fc\u00e8ncies econ\u00f2miques i socials que aix\u00f2 comporta.<\/p>\n","protected":false},"excerpt":{"rendered":"<p>AUTOR: Xavier Sala i Mart\u00edn<br \/>\nISBN: 9788410112711<br \/>\nEDICI\u00d3: 1a<br \/>\nENQUADERNACI\u00d3: Tapa r\u00fastica amb solapes<br \/>\nFORMAT: 13 cm x 21 cm<br \/>\nP\u00c0GINES: 944<br \/>\nIDIOMA: Catal\u00e0<\/p>\n","protected":false},"featured_media":41567,"template":"","meta":[],"product_cat":[42,18],"product_tag":[],"_links":{"self":[{"href":"https:\/\/www.vilaweb.cat\/botiga\/wp-json\/wp\/v2\/product\/41566"}],"collection":[{"href":"https:\/\/www.vilaweb.cat\/botiga\/wp-json\/wp\/v2\/product"}],"about":[{"href":"https:\/\/www.vilaweb.cat\/botiga\/wp-json\/wp\/v2\/types\/product"}],"wp:featuredmedia":[{"embeddable":true,"href":"https:\/\/www.vilaweb.cat\/botiga\/wp-json\/wp\/v2\/media\/41567"}],"wp:attachment":[{"href":"https:\/\/www.vilaweb.cat\/botiga\/wp-json\/wp\/v2\/media?parent=41566"}],"wp:term":[{"taxonomy":"product_cat","embeddable":true,"href":"https:\/\/www.vilaweb.cat\/botiga\/wp-json\/wp\/v2\/product_cat?post=41566"},{"taxonomy":"product_tag","embeddable":true,"href":"https:\/\/www.vilaweb.cat\/botiga\/wp-json\/wp\/v2\/product_tag?post=41566"}],"curies":[{"name":"wp","href":"https:\/\/api.w.org\/{rel}","templated":true}]}}