{"id":41484,"date":"2025-04-01T18:36:10","date_gmt":"2025-04-01T16:36:10","guid":{"rendered":"https:\/\/www.vilaweb.cat\/botiga\/?post_type=product&#038;p=41484"},"modified":"2026-03-25T19:27:55","modified_gmt":"2026-03-25T18:27:55","slug":"altes-capacitats-copia","status":"publish","type":"product","link":"https:\/\/www.vilaweb.cat\/botiga\/producte\/altes-capacitats-copia\/","title":{"rendered":"Sant Jordi i el drac. El Patufet per als m\u00e9s petits"},"content":{"rendered":"<p class=\"f-serif f-w-4 subtitulo balance-title svelte-jdwnnr\">IL\u00b7LUSTRACIONS D&#8217;HUGO PRADES 2A EDICI\u00d3 EI, MENUTS I MENUDES! EL PATUFET US ACOSTA LES TRADICIONS M\u00c9S BONIQUES DEL COSTUMARI CATAL\u00c0. EN AQUEST CONTE DESCOBRIREU LA LLEGENDA DE SANT JORDI, LA PRINCESA I EL DRAC. UI, QUINA POR! TEXTOS DE L&#8217;INTERIOR AMB LLETRA MAJ\u00daSCULA.<\/p>\n","protected":false},"excerpt":{"rendered":"<p>AUTOR: Roger Roig i Hugo Prades<br \/>\nISBN: 9788413565712<br \/>\nEDICI\u00d3: 1a<br \/>\nENQUADERNACI\u00d3: Carton\u00e9<br \/>\nFORMAT: 20 cm x 18 cm<br \/>\nP\u00c0GINES: 24<br \/>\nIDIOMA: Catal\u00e0<\/p>\n","protected":false},"featured_media":47911,"template":"","meta":[],"product_cat":[47,18],"product_tag":[],"_links":{"self":[{"href":"https:\/\/www.vilaweb.cat\/botiga\/wp-json\/wp\/v2\/product\/41484"}],"collection":[{"href":"https:\/\/www.vilaweb.cat\/botiga\/wp-json\/wp\/v2\/product"}],"about":[{"href":"https:\/\/www.vilaweb.cat\/botiga\/wp-json\/wp\/v2\/types\/product"}],"wp:featuredmedia":[{"embeddable":true,"href":"https:\/\/www.vilaweb.cat\/botiga\/wp-json\/wp\/v2\/media\/47911"}],"wp:attachment":[{"href":"https:\/\/www.vilaweb.cat\/botiga\/wp-json\/wp\/v2\/media?parent=41484"}],"wp:term":[{"taxonomy":"product_cat","embeddable":true,"href":"https:\/\/www.vilaweb.cat\/botiga\/wp-json\/wp\/v2\/product_cat?post=41484"},{"taxonomy":"product_tag","embeddable":true,"href":"https:\/\/www.vilaweb.cat\/botiga\/wp-json\/wp\/v2\/product_tag?post=41484"}],"curies":[{"name":"wp","href":"https:\/\/api.w.org\/{rel}","templated":true}]}}