{"id":41115,"date":"2025-03-03T11:25:00","date_gmt":"2025-03-03T10:25:00","guid":{"rendered":"https:\/\/www.vilaweb.cat\/botiga\/?post_type=product&#038;p=41115"},"modified":"2026-01-16T18:52:58","modified_gmt":"2026-01-16T17:52:58","slug":"el-bilinguisme-mata","status":"publish","type":"product","link":"https:\/\/www.vilaweb.cat\/botiga\/producte\/el-bilinguisme-mata\/","title":{"rendered":"El biling\u00fcisme mata"},"content":{"rendered":"<div class=\"frase-mkt\">\n<div class=\"frase-mkt\">\n<div class=\"frase-mkt\">\n<div class=\"frase-mkt\">\n<p>Del canvi clim\u00e0tic al canvi idiom\u00e0tic, un crit d\u2019alerta<\/p>\n<\/div>\n<p>Trenta anys despr\u00e9s que s&#8217;aprov\u00e9s la Llei de Normalitzaci\u00f3 Ling\u00fc\u00edstica, Pau Vidal fa un diagn\u00f2stic: <strong>el biling\u00fcisme no funciona<\/strong>. Amb nom\u00e9s un 36% de parlants habituals i una\u00a0<strong>&#8216;mala salut filol\u00f2gica&#8217;<\/strong>\u00a0que el deteriora cada dia m\u00e9s, el catal\u00e0 est\u00e0 lluny de la normalitat.\u00a0<em>El biling\u00fcisme mata<\/em> \u00e9s molt cr\u00edtic amb la creen\u00e7a que de llengua en pot parlar tothom i tamb\u00e9 amb les enquestes com a m\u00e8tode d&#8217;aproximaci\u00f3 a la realitat social. El llibre que teniu a les mans descriu detalladament el que la majoria de fil\u00f2legs saben, per\u00f2 nom\u00e9s Joan Sol\u00e0 va gosar dir en veu alta: que\u00a0<strong>el catal\u00e0 no s&#8217;est\u00e0 morint per falta de parlants sin\u00f3 per falta de catal\u00e0<\/strong>. La superviv\u00e8ncia no dep\u00e8n nom\u00e9s de la qualitat de parlants, sin\u00f3 tamb\u00e9 de la qualitat de la llengua.<\/p>\n<p>Pau Vidal alerta del &#8216;canvi idiom\u00e0tic&#8217; i en descriu els s\u00edmptomes, que escampen els totpoderosos mitjans i les xarxes socials. I corregint alguns dirigents sobiranistes, proposa <strong>l&#8217;\u00fanica cura possible: elevar el catal\u00e0 a llengua oficial \u00fanica del futur Estat.<\/strong><\/p>\n<\/div>\n<\/div>\n<\/div>\n","protected":false},"excerpt":{"rendered":"<p>EDITOR: Pau Vidal Gavilan<br \/>\nISBN: 9788498093186<br \/>\nEDICI\u00d3: 1a<br \/>\nENQUADERNACI\u00d3: R\u00fastica amb solapes<br \/>\nFORMAT: 15 x 22 cm<br \/>\nP\u00c0GINES: 248<br \/>\nIDIOMA: Catal\u00e0<\/p>\n","protected":false},"featured_media":41116,"template":"","meta":[],"product_cat":[427,18,42,48],"product_tag":[],"_links":{"self":[{"href":"https:\/\/www.vilaweb.cat\/botiga\/wp-json\/wp\/v2\/product\/41115"}],"collection":[{"href":"https:\/\/www.vilaweb.cat\/botiga\/wp-json\/wp\/v2\/product"}],"about":[{"href":"https:\/\/www.vilaweb.cat\/botiga\/wp-json\/wp\/v2\/types\/product"}],"wp:featuredmedia":[{"embeddable":true,"href":"https:\/\/www.vilaweb.cat\/botiga\/wp-json\/wp\/v2\/media\/41116"}],"wp:attachment":[{"href":"https:\/\/www.vilaweb.cat\/botiga\/wp-json\/wp\/v2\/media?parent=41115"}],"wp:term":[{"taxonomy":"product_cat","embeddable":true,"href":"https:\/\/www.vilaweb.cat\/botiga\/wp-json\/wp\/v2\/product_cat?post=41115"},{"taxonomy":"product_tag","embeddable":true,"href":"https:\/\/www.vilaweb.cat\/botiga\/wp-json\/wp\/v2\/product_tag?post=41115"}],"curies":[{"name":"wp","href":"https:\/\/api.w.org\/{rel}","templated":true}]}}