{"id":40974,"date":"2025-02-13T19:33:44","date_gmt":"2025-02-13T18:33:44","guid":{"rendered":"https:\/\/www.vilaweb.cat\/botiga\/?post_type=product&#038;p=40974"},"modified":"2026-01-16T18:55:25","modified_gmt":"2026-01-16T17:55:25","slug":"dones-que-sexigeixen-massa","status":"publish","type":"product","link":"https:\/\/www.vilaweb.cat\/botiga\/producte\/dones-que-sexigeixen-massa\/","title":{"rendered":"Dones que s\u2019exigeixen massa"},"content":{"rendered":"<div class=\"frase-mkt\">\n<p>Est\u00e0s cansada de no arribar a tot? Que per m\u00e9s que t\u2019hi esforcis, mai no \u00e9s suficient? T\u2019angoixa la idea de no complir amb les expectatives dels altres? Et sents culpable si decideixes dedicar-te temps per a tu mateixa?<\/p>\n<p>Si t\u2019has sentit identificada amb aquestes q\u00fcestions, Dones que s\u2019exigeixen massa \u00e9s el llibre que et far\u00e0 veure que no est\u00e0s sola i que \u00e9s possible viure d\u2019una altra manera: amb m\u00e9s calma, autenticitat i benestar.<br \/>\nJ\u00falia Mart\u00ed ens acompanya amb una veu emp\u00e0tica i inspiradora per desemmascarar el mite de la dona perfecta i oferir eines per alliberar-nos d\u2019aquest cicle d\u2019autoexig\u00e8ncia i esgotament. A trav\u00e9s d\u2019autorevelacions, exercicis pr\u00e0ctics i reflexions profundes, aquest llibre t\u2019ajudar\u00e0 a recon\u00e8ixer les trampes de l\u2019autoexig\u00e8ncia, a prioritzar el que realment \u00e9s prioritari i a retrobar-te amb una vida m\u00e9s plena i equilibrada.<\/p>\n<p>Perqu\u00e8 el teu millor \u00e8xit no \u00e9s ser perfecta, sin\u00f3 ser tu mateixa. Est\u00e0s a punt per canviar la teva vida?<\/p>\n<\/div>\n","protected":false},"excerpt":{"rendered":"<p>AUTOR: J\u00falia Mart\u00ed<br \/>\nISBN: 9788411731157<br \/>\nEDICI\u00d3: 1a<br \/>\nENQUADERNACI\u00d3: R\u00fastica amb solapes<br \/>\nFORMAT: 15 x 22 cm<br \/>\nP\u00c0GINES: 225<br \/>\nIDIOMA: Catal\u00e0<\/p>\n","protected":false},"featured_media":40975,"template":"","meta":[],"product_cat":[427,18,42],"product_tag":[],"_links":{"self":[{"href":"https:\/\/www.vilaweb.cat\/botiga\/wp-json\/wp\/v2\/product\/40974"}],"collection":[{"href":"https:\/\/www.vilaweb.cat\/botiga\/wp-json\/wp\/v2\/product"}],"about":[{"href":"https:\/\/www.vilaweb.cat\/botiga\/wp-json\/wp\/v2\/types\/product"}],"wp:featuredmedia":[{"embeddable":true,"href":"https:\/\/www.vilaweb.cat\/botiga\/wp-json\/wp\/v2\/media\/40975"}],"wp:attachment":[{"href":"https:\/\/www.vilaweb.cat\/botiga\/wp-json\/wp\/v2\/media?parent=40974"}],"wp:term":[{"taxonomy":"product_cat","embeddable":true,"href":"https:\/\/www.vilaweb.cat\/botiga\/wp-json\/wp\/v2\/product_cat?post=40974"},{"taxonomy":"product_tag","embeddable":true,"href":"https:\/\/www.vilaweb.cat\/botiga\/wp-json\/wp\/v2\/product_tag?post=40974"}],"curies":[{"name":"wp","href":"https:\/\/api.w.org\/{rel}","templated":true}]}}