{"id":4092,"date":"2019-07-30T11:48:02","date_gmt":"2019-07-30T09:48:02","guid":{"rendered":"https:\/\/www.vilaweb.cat\/botiga\/?post_type=product&#038;p=4092"},"modified":"2026-01-30T20:07:03","modified_gmt":"2026-01-30T19:07:03","slug":"adhesiu-nado-a-bord","status":"publish","type":"product","link":"https:\/\/www.vilaweb.cat\/botiga\/producte\/adhesiu-nado-a-bord\/","title":{"rendered":"Adhesiu &#8216;Nad\u00f3 a bord&#8217; rod\u00f3"},"content":{"rendered":"","protected":false},"excerpt":{"rendered":"<p>Adhesiu rod\u00f3 &#8216;Nad\u00f3 a bord&#8217;.<\/p>\n<p>Di\u00e0metre: 11cm<\/p>\n","protected":false},"featured_media":14631,"template":"","meta":[],"product_cat":[297,62],"product_tag":[],"_links":{"self":[{"href":"https:\/\/www.vilaweb.cat\/botiga\/wp-json\/wp\/v2\/product\/4092"}],"collection":[{"href":"https:\/\/www.vilaweb.cat\/botiga\/wp-json\/wp\/v2\/product"}],"about":[{"href":"https:\/\/www.vilaweb.cat\/botiga\/wp-json\/wp\/v2\/types\/product"}],"wp:featuredmedia":[{"embeddable":true,"href":"https:\/\/www.vilaweb.cat\/botiga\/wp-json\/wp\/v2\/media\/14631"}],"wp:attachment":[{"href":"https:\/\/www.vilaweb.cat\/botiga\/wp-json\/wp\/v2\/media?parent=4092"}],"wp:term":[{"taxonomy":"product_cat","embeddable":true,"href":"https:\/\/www.vilaweb.cat\/botiga\/wp-json\/wp\/v2\/product_cat?post=4092"},{"taxonomy":"product_tag","embeddable":true,"href":"https:\/\/www.vilaweb.cat\/botiga\/wp-json\/wp\/v2\/product_tag?post=4092"}],"curies":[{"name":"wp","href":"https:\/\/api.w.org\/{rel}","templated":true}]}}