{"id":40359,"date":"2025-01-02T18:51:45","date_gmt":"2025-01-02T17:51:45","guid":{"rendered":"https:\/\/www.vilaweb.cat\/botiga\/?post_type=product&#038;p=40359"},"modified":"2025-12-24T11:52:03","modified_gmt":"2025-12-24T10:52:03","slug":"la-sangonera-joc-de-cartes-copia","status":"publish","type":"product","link":"https:\/\/www.vilaweb.cat\/botiga\/producte\/la-sangonera-joc-de-cartes-copia\/","title":{"rendered":"No puc! Tinc Assaig"},"content":{"rendered":"<p>Reuneix els m\u00fasics necessaris per formar la teva pr\u00f2pia banda abans que la resta de jugadors, per\u00f2 ves amb compte, perqu\u00e8 si tens entre les teves files algun m\u00fasic que fa playback, t\u2019hi restar\u00e0.<\/p>\n<p>+7 Anys<\/p>\n<p>2 &#8211; 4 Jugadors<\/p>\n<p>10-20 Minuts de partida<\/p>\n","protected":false},"excerpt":{"rendered":"<p><strong>Objectiu del joc<\/strong>: Hem d\u2019aconseguir completar els punts que apareixen a les cartes dels abanderats (cartes d\u2019objectiu) abans que la resta de jugadors.<\/p>\n<p>&nbsp;<\/p>\n<p><strong>Punts<\/strong>: S\u2019aconseguixen completant files de 4 m\u00fasics del mateix \u201cpal\u201d que es colocaran davant de cada jugador. Fins que no aconseguim les quatre cartes, no tindrem els punts i tampoc podrem comen\u00e7ar una fila nova.<\/p>\n<p><strong>Cartes<\/strong>: Trobem m\u00e9s de 30 personatges, repartits en tres tipus de cartes diferents:<\/p>\n<ul>\n<li style=\"list-style-type: none;\">\n<ul>\n<li>49 cartes de punts (Fusta, Metall, Percussi\u00f3 i Comod\u00ed).<\/li>\n<li>26 cartes d\u2019acci\u00f3 (amb elles podr\u00e0s millorar el teu joc i esgarrapar punts dels altres jugadors)<\/li>\n<li>6 cartes d\u2019objectius (ens diran quants punts hem d\u2019aconseguir de cada pal per guanyar la partida).<\/li>\n<\/ul>\n<\/li>\n<\/ul>\n","protected":false},"featured_media":40362,"template":"","meta":[],"product_cat":[59,307,165],"product_tag":[],"_links":{"self":[{"href":"https:\/\/www.vilaweb.cat\/botiga\/wp-json\/wp\/v2\/product\/40359"}],"collection":[{"href":"https:\/\/www.vilaweb.cat\/botiga\/wp-json\/wp\/v2\/product"}],"about":[{"href":"https:\/\/www.vilaweb.cat\/botiga\/wp-json\/wp\/v2\/types\/product"}],"wp:featuredmedia":[{"embeddable":true,"href":"https:\/\/www.vilaweb.cat\/botiga\/wp-json\/wp\/v2\/media\/40362"}],"wp:attachment":[{"href":"https:\/\/www.vilaweb.cat\/botiga\/wp-json\/wp\/v2\/media?parent=40359"}],"wp:term":[{"taxonomy":"product_cat","embeddable":true,"href":"https:\/\/www.vilaweb.cat\/botiga\/wp-json\/wp\/v2\/product_cat?post=40359"},{"taxonomy":"product_tag","embeddable":true,"href":"https:\/\/www.vilaweb.cat\/botiga\/wp-json\/wp\/v2\/product_tag?post=40359"}],"curies":[{"name":"wp","href":"https:\/\/api.w.org\/{rel}","templated":true}]}}