{"id":40249,"date":"2024-12-30T18:04:03","date_gmt":"2024-12-30T17:04:03","guid":{"rendered":"https:\/\/www.vilaweb.cat\/botiga\/?post_type=product&#038;p=40249"},"modified":"2025-12-02T04:23:44","modified_gmt":"2025-12-02T03:23:44","slug":"bossa-per-a-gustos-els-colors","status":"publish","type":"product","link":"https:\/\/www.vilaweb.cat\/botiga\/producte\/bossa-per-a-gustos-els-colors\/","title":{"rendered":"Bossa &#8220;per a gustos els colors&#8221;"},"content":{"rendered":"<p>No es pot dir m\u00e9s clar. A m\u00e9s aquesta bossa \u00e9s preciosa amb tots els seus colots que et plenen de vida i d\u2019amor.<\/p>\n<ul>\n<li>Dimensions: 37cm x 41cm<\/li>\n<li>Material: 100%\u00a0cot\u00f3<\/li>\n<li>Anses llargues<\/li>\n<li>Resisteix fins 7kg de pes<\/li>\n<li>Rentar-la i planxar-la a l\u2019inrev\u00e9s<\/li>\n<\/ul>\n","protected":false},"excerpt":{"rendered":"<p>Bossa de cot\u00f3, disseny de Duestasses.<\/p>\n","protected":false},"featured_media":40250,"template":"","meta":[],"product_cat":[62,293],"product_tag":[],"_links":{"self":[{"href":"https:\/\/www.vilaweb.cat\/botiga\/wp-json\/wp\/v2\/product\/40249"}],"collection":[{"href":"https:\/\/www.vilaweb.cat\/botiga\/wp-json\/wp\/v2\/product"}],"about":[{"href":"https:\/\/www.vilaweb.cat\/botiga\/wp-json\/wp\/v2\/types\/product"}],"wp:featuredmedia":[{"embeddable":true,"href":"https:\/\/www.vilaweb.cat\/botiga\/wp-json\/wp\/v2\/media\/40250"}],"wp:attachment":[{"href":"https:\/\/www.vilaweb.cat\/botiga\/wp-json\/wp\/v2\/media?parent=40249"}],"wp:term":[{"taxonomy":"product_cat","embeddable":true,"href":"https:\/\/www.vilaweb.cat\/botiga\/wp-json\/wp\/v2\/product_cat?post=40249"},{"taxonomy":"product_tag","embeddable":true,"href":"https:\/\/www.vilaweb.cat\/botiga\/wp-json\/wp\/v2\/product_tag?post=40249"}],"curies":[{"name":"wp","href":"https:\/\/api.w.org\/{rel}","templated":true}]}}