{"id":40101,"date":"2024-12-27T11:24:47","date_gmt":"2024-12-27T10:24:47","guid":{"rendered":"https:\/\/www.vilaweb.cat\/botiga\/?post_type=product&#038;p=40101"},"modified":"2026-03-11T13:26:29","modified_gmt":"2026-03-11T12:26:29","slug":"correfoc-no-et-cremis-els-dits","status":"publish","type":"product","link":"https:\/\/www.vilaweb.cat\/botiga\/producte\/correfoc-no-et-cremis-els-dits\/","title":{"rendered":"Correfoc. No et cremis els dits"},"content":{"rendered":"<p>Aquest emocionant joc et transportar\u00e0 al cor de la tradici\u00f3 catalana del correfoc, on les flames i els dimonis cobren vida en una experi\u00e8ncia \u00fanica i immersiva. Imagina&#8217;t competint amb els teus amics per dominar l&#8217;infern, mentre estrat\u00e8gies i sort es combinen per determinar el guanyador.<\/p>\n<p>L&#8217;objectiu del joc \u00e9s\u00a0<strong>construir un correfoc amb b\u00e8sties i balls de diables d&#8217;arreu de Catalunya<\/strong>. Cada jugador ha de fer el seu correfoc i per dur-lo a terme pot fer la guitza a la resta de jugadors. Fins i tot, \u00e9s possible teixir aliances i fer un correfoc conjunt amb una altra persona.<\/p>\n<p>Els punts forts del joc s\u00f3n les\u00a0<strong>il\u00b7lustracions<\/strong>\u00a0que posen \u00e8mfasi en el car\u00e0cter llumin\u00f3s dels balls i les b\u00e8sties de foc, i la\u00a0<strong>din\u00e0mica<\/strong>\u00a0de joc que \u00e9s molt f\u00e0cil d&#8217;entendre, per\u00f2 permet que els jugadors prenguin nombroses decisions t\u00e0ctiques.<\/p>\n","protected":false},"excerpt":{"rendered":"<p><strong>Edat:<\/strong> A partir de 5 anys<\/p>\n<p><strong>Jugadors:<\/strong>\u00a0De 2 a 5 jugadors<\/p>\n<p><strong>Temps de joc:<\/strong> Partides de 15-25 minuts<\/p>\n","protected":false},"featured_media":42692,"template":"","meta":[],"product_cat":[59,58],"product_tag":[],"_links":{"self":[{"href":"https:\/\/www.vilaweb.cat\/botiga\/wp-json\/wp\/v2\/product\/40101"}],"collection":[{"href":"https:\/\/www.vilaweb.cat\/botiga\/wp-json\/wp\/v2\/product"}],"about":[{"href":"https:\/\/www.vilaweb.cat\/botiga\/wp-json\/wp\/v2\/types\/product"}],"wp:featuredmedia":[{"embeddable":true,"href":"https:\/\/www.vilaweb.cat\/botiga\/wp-json\/wp\/v2\/media\/42692"}],"wp:attachment":[{"href":"https:\/\/www.vilaweb.cat\/botiga\/wp-json\/wp\/v2\/media?parent=40101"}],"wp:term":[{"taxonomy":"product_cat","embeddable":true,"href":"https:\/\/www.vilaweb.cat\/botiga\/wp-json\/wp\/v2\/product_cat?post=40101"},{"taxonomy":"product_tag","embeddable":true,"href":"https:\/\/www.vilaweb.cat\/botiga\/wp-json\/wp\/v2\/product_tag?post=40101"}],"curies":[{"name":"wp","href":"https:\/\/api.w.org\/{rel}","templated":true}]}}