{"id":39920,"date":"2024-12-21T13:27:35","date_gmt":"2024-12-21T12:27:35","guid":{"rendered":"https:\/\/www.vilaweb.cat\/botiga\/?post_type=product&#038;p=39920"},"modified":"2026-04-16T11:47:59","modified_gmt":"2026-04-16T09:47:59","slug":"estoig-paraulogic-gran","status":"publish","type":"product","link":"https:\/\/www.vilaweb.cat\/botiga\/producte\/estoig-paraulogic-gran\/","title":{"rendered":"Estoig Paraul\u00f2gic gran"},"content":{"rendered":"","protected":false},"excerpt":{"rendered":"<p><span style=\"font-weight: 400;\">Estoig amb el Tuti Lletraferit. <\/span><\/p>\n<p><span style=\"font-weight: 400;\">Aquest estoig multi\u00fas produ\u00eft localment \u00e9s 100% de cot\u00f3 raspallat de 400 g, pla i rectangular, amb un tancament de cremallera. \u00c9s c\u00f2mode i pr\u00e0ctic, perfecte per portar petits objectes de tota mena.<\/span><\/p>\n<p><span style=\"font-weight: 400;\">Mides: 22 x 15,5<\/span><span style=\"font-weight: 400;\"><br \/>\n<\/span><span style=\"font-weight: 400;\">Gramatge: 400g<\/span><span style=\"font-weight: 400;\"><br \/>\n<\/span><span style=\"font-weight: 400;\">100% cot\u00f3 ecol\u00f2gic<\/span><\/p>\n","protected":false},"featured_media":39924,"template":"","meta":[],"product_cat":[305,93,319,212],"product_tag":[],"_links":{"self":[{"href":"https:\/\/www.vilaweb.cat\/botiga\/wp-json\/wp\/v2\/product\/39920"}],"collection":[{"href":"https:\/\/www.vilaweb.cat\/botiga\/wp-json\/wp\/v2\/product"}],"about":[{"href":"https:\/\/www.vilaweb.cat\/botiga\/wp-json\/wp\/v2\/types\/product"}],"wp:featuredmedia":[{"embeddable":true,"href":"https:\/\/www.vilaweb.cat\/botiga\/wp-json\/wp\/v2\/media\/39924"}],"wp:attachment":[{"href":"https:\/\/www.vilaweb.cat\/botiga\/wp-json\/wp\/v2\/media?parent=39920"}],"wp:term":[{"taxonomy":"product_cat","embeddable":true,"href":"https:\/\/www.vilaweb.cat\/botiga\/wp-json\/wp\/v2\/product_cat?post=39920"},{"taxonomy":"product_tag","embeddable":true,"href":"https:\/\/www.vilaweb.cat\/botiga\/wp-json\/wp\/v2\/product_tag?post=39920"}],"curies":[{"name":"wp","href":"https:\/\/api.w.org\/{rel}","templated":true}]}}