{"id":3966,"date":"2019-07-29T11:49:17","date_gmt":"2019-07-29T09:49:17","guid":{"rendered":"https:\/\/www.vilaweb.cat\/botiga\/?post_type=product&#038;p=3966"},"modified":"2025-11-05T16:00:21","modified_gmt":"2025-11-05T15:00:21","slug":"samarreta-pa-amb-tomaquet","status":"publish","type":"product","link":"https:\/\/www.vilaweb.cat\/botiga\/producte\/samarreta-pa-amb-tomaquet\/","title":{"rendered":"Samarreta &#8220;Pa amb tom\u00e0quet&#8221;"},"content":{"rendered":"","protected":false},"excerpt":{"rendered":"<p>Samarreta unisex de cot\u00f3 &#8216;Pa amb tom\u00e0quet&#8217;<\/p>\n<p>&nbsp;<\/p>\n<p>editada per Catalunyam<\/p>\n","protected":false},"featured_media":30249,"template":"","meta":[],"product_cat":[421,284,286],"product_tag":[],"_links":{"self":[{"href":"https:\/\/www.vilaweb.cat\/botiga\/wp-json\/wp\/v2\/product\/3966"}],"collection":[{"href":"https:\/\/www.vilaweb.cat\/botiga\/wp-json\/wp\/v2\/product"}],"about":[{"href":"https:\/\/www.vilaweb.cat\/botiga\/wp-json\/wp\/v2\/types\/product"}],"wp:featuredmedia":[{"embeddable":true,"href":"https:\/\/www.vilaweb.cat\/botiga\/wp-json\/wp\/v2\/media\/30249"}],"wp:attachment":[{"href":"https:\/\/www.vilaweb.cat\/botiga\/wp-json\/wp\/v2\/media?parent=3966"}],"wp:term":[{"taxonomy":"product_cat","embeddable":true,"href":"https:\/\/www.vilaweb.cat\/botiga\/wp-json\/wp\/v2\/product_cat?post=3966"},{"taxonomy":"product_tag","embeddable":true,"href":"https:\/\/www.vilaweb.cat\/botiga\/wp-json\/wp\/v2\/product_tag?post=3966"}],"curies":[{"name":"wp","href":"https:\/\/api.w.org\/{rel}","templated":true}]}}