{"id":39129,"date":"2024-12-04T10:49:29","date_gmt":"2024-12-04T09:49:29","guid":{"rendered":"https:\/\/www.vilaweb.cat\/botiga\/?post_type=product&#038;p=39129"},"modified":"2025-03-04T12:11:41","modified_gmt":"2025-03-04T11:11:41","slug":"the-white-castle-matcha-expansio","status":"publish","type":"product","link":"https:\/\/www.vilaweb.cat\/botiga\/producte\/the-white-castle-matcha-expansio\/","title":{"rendered":"The White Castle: Matcha (Expansi\u00f3)"},"content":{"rendered":"<p>L&#8217;expansi\u00f3 The White Castle: Matcha afegeix un nou tauler i m\u00e9s opcions al joc original, oferint variabilitat a trav\u00e9s de components com un pont addicional, nous espais per guanyar influ\u00e8ncia (la casa de te) i recursos (el mirador de l&#8217;estany), i nous membres del clan, les geishes.<br \/>\nTamb\u00e9 inclou el recurs chasen i un torn extra per maximitzar la influ\u00e8ncia.<\/p>\n<p>Creada per Sheila Santos i Israel Cendrero, aquesta expansi\u00f3 aporta un aspecte gr\u00e0fic evocador dissenyat per Joan Guardiet i augmenta la complexitat estrat\u00e8gica.<br \/>\nLa cerim\u00f2nia del te, basada en la cultura japonesa, permet guanyar m\u00e9s influ\u00e8ncia si els membres del clan ocupen llocs clau al Chashitsu.<\/p>\n<p>&nbsp;<\/p>\n","protected":false},"excerpt":{"rendered":"<p>RESERVA (arribar\u00e0 a la Botiga la segona setmana de desembre)<\/p>\n<p>A partir de 12 anys.<\/p>\n<p>d&#8217;1 a 4 jugadors<\/p>\n<p>Durada: 60 min<\/p>\n<div class=\"londji-product-feature\"><\/div>\n","protected":false},"featured_media":39133,"template":"","meta":[],"product_cat":[59],"product_tag":[],"_links":{"self":[{"href":"https:\/\/www.vilaweb.cat\/botiga\/wp-json\/wp\/v2\/product\/39129"}],"collection":[{"href":"https:\/\/www.vilaweb.cat\/botiga\/wp-json\/wp\/v2\/product"}],"about":[{"href":"https:\/\/www.vilaweb.cat\/botiga\/wp-json\/wp\/v2\/types\/product"}],"wp:featuredmedia":[{"embeddable":true,"href":"https:\/\/www.vilaweb.cat\/botiga\/wp-json\/wp\/v2\/media\/39133"}],"wp:attachment":[{"href":"https:\/\/www.vilaweb.cat\/botiga\/wp-json\/wp\/v2\/media?parent=39129"}],"wp:term":[{"taxonomy":"product_cat","embeddable":true,"href":"https:\/\/www.vilaweb.cat\/botiga\/wp-json\/wp\/v2\/product_cat?post=39129"},{"taxonomy":"product_tag","embeddable":true,"href":"https:\/\/www.vilaweb.cat\/botiga\/wp-json\/wp\/v2\/product_tag?post=39129"}],"curies":[{"name":"wp","href":"https:\/\/api.w.org\/{rel}","templated":true}]}}