{"id":38954,"date":"2024-11-27T11:37:53","date_gmt":"2024-11-27T10:37:53","guid":{"rendered":"https:\/\/www.vilaweb.cat\/botiga\/?post_type=product&#038;p=38954"},"modified":"2026-01-16T19:02:51","modified_gmt":"2026-01-16T18:02:51","slug":"per-sucar-hi-pa","status":"publish","type":"product","link":"https:\/\/www.vilaweb.cat\/botiga\/producte\/per-sucar-hi-pa\/","title":{"rendered":"Per sucar-hi pa!"},"content":{"rendered":"<div class=\"frase-mkt\">\n<div class=\"frase-mkt\">\n<div class=\"frase-mkt\">\n<p>Del menjar en surten una quan\u00adtitat extraordin\u00e0ria d\u2019expressions i refranys que ens defineixen.\u00a0<b>Qui no t\u00e9 un all t\u00e9 una ceba; gallina vella fa bon caldo; remenar les cireres; ser un tros de pa; fer el pr\u00e9ssec<\/b>&#8230; En\u00adtre la cuina i el menjador s\u2019hi gesta una gran quantitat de la saviesa popular fixada gene\u00adraci\u00f3 rere generaci\u00f3, i en la llengua hi t\u00e9 les mostres m\u00e9s clares. Aquest llibre recull una quarantena de les expressions catalanes m\u00e9s emblem\u00e0tiques vinculades al menjar: a partir d\u2019aqu\u00ed, el xef\u00a0<b>Lluc Quintana<\/b>\u00a0ens fa salivar amb receptes inspirades per cadascuna, les il\u00b7lustracions esmola\u00addes de\u00a0<b>Marta Montenegro<\/b>\u00a0ens eixamplen el somriure i els apunts sociol\u00f2gics i gormands de\u00a0<b>Mag\u00ed Camps<\/b>\u00a0ens fan una mica m\u00e9s savis. Una combinaci\u00f3 per sucar-hi pa!<\/p>\n<\/div>\n<\/div>\n<\/div>\n","protected":false},"excerpt":{"rendered":"<p>AUTOR: Lluc Quintana i Marta Montenegro<br \/>\nISBN: 9788410161238<br \/>\nEDICI\u00d3: 1a<br \/>\nENQUADERNACI\u00d3: R\u00fastica amb solapes<br \/>\nFORMAT: 17 x 24 cm<br \/>\nP\u00c0GINES: 208<br \/>\nIDIOMA: Catal\u00e0<\/p>\n","protected":false},"featured_media":38955,"template":"","meta":[],"product_cat":[427,18,207],"product_tag":[],"_links":{"self":[{"href":"https:\/\/www.vilaweb.cat\/botiga\/wp-json\/wp\/v2\/product\/38954"}],"collection":[{"href":"https:\/\/www.vilaweb.cat\/botiga\/wp-json\/wp\/v2\/product"}],"about":[{"href":"https:\/\/www.vilaweb.cat\/botiga\/wp-json\/wp\/v2\/types\/product"}],"wp:featuredmedia":[{"embeddable":true,"href":"https:\/\/www.vilaweb.cat\/botiga\/wp-json\/wp\/v2\/media\/38955"}],"wp:attachment":[{"href":"https:\/\/www.vilaweb.cat\/botiga\/wp-json\/wp\/v2\/media?parent=38954"}],"wp:term":[{"taxonomy":"product_cat","embeddable":true,"href":"https:\/\/www.vilaweb.cat\/botiga\/wp-json\/wp\/v2\/product_cat?post=38954"},{"taxonomy":"product_tag","embeddable":true,"href":"https:\/\/www.vilaweb.cat\/botiga\/wp-json\/wp\/v2\/product_tag?post=38954"}],"curies":[{"name":"wp","href":"https:\/\/api.w.org\/{rel}","templated":true}]}}