{"id":38952,"date":"2024-11-27T11:34:28","date_gmt":"2024-11-27T10:34:28","guid":{"rendered":"https:\/\/www.vilaweb.cat\/botiga\/?post_type=product&#038;p=38952"},"modified":"2026-03-22T20:18:57","modified_gmt":"2026-03-22T19:18:57","slug":"100-receptes-a-la-catalana","status":"publish","type":"product","link":"https:\/\/www.vilaweb.cat\/botiga\/producte\/100-receptes-a-la-catalana\/","title":{"rendered":"100 receptes a la catalana"},"content":{"rendered":"<div class=\"frase-mkt\">\n<div class=\"frase-mkt\">\n<div class=\"frase-mkt\">\n<p>No \u00e9s agosarat dir que la cuina catalana t\u00e9 m\u00e9s de mil anys d&#8217;hist\u00f2ria i que es tracta, certament, d&#8217;una de les primeres d&#8217;Europa. En aquest llibre hi trobareu una selecci\u00f3 de 100 receptes de plats dits &#8220;a la catalana&#8221; a Catalunya mateix, a Espanya, a Fran\u00e7a, a It\u00e0lia, a Alemanya&#8230; com a mostra de la projecci\u00f3 internacional de la nostra cuina. L&#8217;autor, que no t\u00e9 res en contra de l&#8217;adopci\u00f3 de plats estrangers, s\u00ed que vol destacar la import\u00e0ncia de mantenir la identitat gastron\u00f2mica de casa nostra.<\/p>\n<\/div>\n<\/div>\n<\/div>\n","protected":false},"excerpt":{"rendered":"<p>AUTOR: Jaume F\u00e0brega<br \/>\nISBN: 9788413564449<br \/>\nEDICI\u00d3: 1a<br \/>\nENQUADERNACI\u00d3: R\u00fastica amb solapes<br \/>\nFORMAT: 13 x 20 cm<br \/>\nP\u00c0GINES: 384<br \/>\nIDIOMA: Catal\u00e0<\/p>\n","protected":false},"featured_media":38953,"template":"","meta":[],"product_cat":[207,18],"product_tag":[],"_links":{"self":[{"href":"https:\/\/www.vilaweb.cat\/botiga\/wp-json\/wp\/v2\/product\/38952"}],"collection":[{"href":"https:\/\/www.vilaweb.cat\/botiga\/wp-json\/wp\/v2\/product"}],"about":[{"href":"https:\/\/www.vilaweb.cat\/botiga\/wp-json\/wp\/v2\/types\/product"}],"wp:featuredmedia":[{"embeddable":true,"href":"https:\/\/www.vilaweb.cat\/botiga\/wp-json\/wp\/v2\/media\/38953"}],"wp:attachment":[{"href":"https:\/\/www.vilaweb.cat\/botiga\/wp-json\/wp\/v2\/media?parent=38952"}],"wp:term":[{"taxonomy":"product_cat","embeddable":true,"href":"https:\/\/www.vilaweb.cat\/botiga\/wp-json\/wp\/v2\/product_cat?post=38952"},{"taxonomy":"product_tag","embeddable":true,"href":"https:\/\/www.vilaweb.cat\/botiga\/wp-json\/wp\/v2\/product_tag?post=38952"}],"curies":[{"name":"wp","href":"https:\/\/api.w.org\/{rel}","templated":true}]}}