{"id":38948,"date":"2024-11-27T11:26:23","date_gmt":"2024-11-27T10:26:23","guid":{"rendered":"https:\/\/www.vilaweb.cat\/botiga\/?post_type=product&#038;p=38948"},"modified":"2026-01-16T19:03:10","modified_gmt":"2026-01-16T18:03:10","slug":"mitologia-de-la-muntanya-de-montserrat","status":"publish","type":"product","link":"https:\/\/www.vilaweb.cat\/botiga\/producte\/mitologia-de-la-muntanya-de-montserrat\/","title":{"rendered":"Mitologia de la muntanya de Montserrat"},"content":{"rendered":"<div class=\"frase-mkt\">\n<div class=\"frase-mkt\">\n<div class=\"frase-mkt\">\n<p>Amb motiu del mil\u00b7lenari de la fundaci\u00f3 del monestir de Montserrat rescatem &#8220;Saxia&#8221;, un bell poema sobre els or\u00edgens mitol\u00f2gics de la muntanya que va escriure en llat\u00ed Antoni Brenach ara fa cinc-cents anys. N\u2019oferim una nova traducci\u00f3 al catal\u00e0, per\u00f2, sobretot, una reescriptura dels mites que formen el poema original. El nostre relat arrenca a Orient i \u00e9s protagonitzat per una nereida que, amb l\u2019ajuda de D\u00e9u, recorre mig m\u00f3n fins a trobar, prop de les aig\u00fces tranquil\u00b7les del Llobregat, l\u2019indret on es veur\u00e0 transformada en una muntanya inexpugnable, divina, amb milers de roques que s\u2019enfilen fins al cel. La resta de la hist\u00f2ria t\u00e9 lloc a l\u2019\u00e8poca medieval, en temps de Guifr\u00e9 el Pil\u00f3s, i tracta dels combats interiors d\u2019un eremita anomenat Joan Gar\u00ed, el qual, despr\u00e9s de cometre un crim terrible, haur\u00e0 de viure com una b\u00e8stia per expiar la seva culpa. Aquestes estranyes vicissituds s\u00f3n les que al capdavall van portar a la fundaci\u00f3 del monestir, i tamb\u00e9 a la creaci\u00f3 de les singular\u00edssimes formes de vida i de culte que fins avui es conserven a la muntanya de Montserrat.Una epopeia cl\u00e0ssica, amb elements medievals, que fa d\u2019aquest vell manuscrit de Montserrat una obra \u00fanica, i el situa al mateix nivell que tantes altres hist\u00f2ries de la mitologia universal.<\/p>\n<\/div>\n<\/div>\n<\/div>\n","protected":false},"excerpt":{"rendered":"<p>AUTOR: Beltr\u00e1n del R\u00edo Sousa, Adriana<br \/>\nISBN: 9788419736734<br \/>\nEDICI\u00d3: 1a<br \/>\nENQUADERNACI\u00d3: Dura sense solapes<br \/>\nFORMAT: 22 x 26 cm<br \/>\nP\u00c0GINES: 136<br \/>\nIDIOMA: Catal\u00e0<\/p>\n","protected":false},"featured_media":38949,"template":"","meta":[],"product_cat":[427,49,45,18],"product_tag":[],"_links":{"self":[{"href":"https:\/\/www.vilaweb.cat\/botiga\/wp-json\/wp\/v2\/product\/38948"}],"collection":[{"href":"https:\/\/www.vilaweb.cat\/botiga\/wp-json\/wp\/v2\/product"}],"about":[{"href":"https:\/\/www.vilaweb.cat\/botiga\/wp-json\/wp\/v2\/types\/product"}],"wp:featuredmedia":[{"embeddable":true,"href":"https:\/\/www.vilaweb.cat\/botiga\/wp-json\/wp\/v2\/media\/38949"}],"wp:attachment":[{"href":"https:\/\/www.vilaweb.cat\/botiga\/wp-json\/wp\/v2\/media?parent=38948"}],"wp:term":[{"taxonomy":"product_cat","embeddable":true,"href":"https:\/\/www.vilaweb.cat\/botiga\/wp-json\/wp\/v2\/product_cat?post=38948"},{"taxonomy":"product_tag","embeddable":true,"href":"https:\/\/www.vilaweb.cat\/botiga\/wp-json\/wp\/v2\/product_tag?post=38948"}],"curies":[{"name":"wp","href":"https:\/\/api.w.org\/{rel}","templated":true}]}}