{"id":38911,"date":"2024-11-25T18:56:20","date_gmt":"2024-11-25T17:56:20","guid":{"rendered":"https:\/\/www.vilaweb.cat\/botiga\/?post_type=product&#038;p=38911"},"modified":"2026-02-25T12:08:09","modified_gmt":"2026-02-25T11:08:09","slug":"rebel-princess","status":"publish","type":"product","link":"https:\/\/www.vilaweb.cat\/botiga\/producte\/rebel-princess\/","title":{"rendered":"Rebel Princess"},"content":{"rendered":"<p><em>Rebel <\/em><em>Princess<\/em>\u00a0\u00e9s un joc de bases addictiu en qu\u00e8 cada ronda t\u00e9 una regla diferent! Posa\u2019t en la pell d\u2019una princesa de conte que no vol casar-se amb el pr\u00edncep blau i evita les proposicions matrimonials per a guanyar!<\/p>\n<ul>\n<li><strong>Contingut del joc:<\/strong>\u00a099 cartes, bloc de puntuacions, reglaments en tres idiomes.<\/li>\n<li><strong>Caracter\u00edstiques:<\/strong>\u00a0a partir de 8 anys, 3-6 jugadors, partides de 40 minuts.<\/li>\n<li><strong>Idiomes<\/strong>: valenci\u00e0, castell\u00e0 i angl\u00e8s<\/li>\n<li>Un joc de Daniel Byrne, Gerardo Guerrero, Kevin Pel\u00e1ez i Tirso Virg\u00f3s, il\u00b7lustrat per Alfredo C\u00e1ceres.<\/li>\n<\/ul>\n","protected":false},"excerpt":{"rendered":"<p><strong>Edat:<\/strong> A partir de 8 anys<\/p>\n<p><strong>Jugadors:<\/strong> De 3 a 6 jugadors<\/p>\n<p><strong>Temps de joc:<\/strong> Partides de 40 minuts<\/p>\n","protected":false},"featured_media":38916,"template":"","meta":[],"product_cat":[59],"product_tag":[],"_links":{"self":[{"href":"https:\/\/www.vilaweb.cat\/botiga\/wp-json\/wp\/v2\/product\/38911"}],"collection":[{"href":"https:\/\/www.vilaweb.cat\/botiga\/wp-json\/wp\/v2\/product"}],"about":[{"href":"https:\/\/www.vilaweb.cat\/botiga\/wp-json\/wp\/v2\/types\/product"}],"wp:featuredmedia":[{"embeddable":true,"href":"https:\/\/www.vilaweb.cat\/botiga\/wp-json\/wp\/v2\/media\/38916"}],"wp:attachment":[{"href":"https:\/\/www.vilaweb.cat\/botiga\/wp-json\/wp\/v2\/media?parent=38911"}],"wp:term":[{"taxonomy":"product_cat","embeddable":true,"href":"https:\/\/www.vilaweb.cat\/botiga\/wp-json\/wp\/v2\/product_cat?post=38911"},{"taxonomy":"product_tag","embeddable":true,"href":"https:\/\/www.vilaweb.cat\/botiga\/wp-json\/wp\/v2\/product_tag?post=38911"}],"curies":[{"name":"wp","href":"https:\/\/api.w.org\/{rel}","templated":true}]}}