{"id":38822,"date":"2024-11-22T12:50:22","date_gmt":"2024-11-22T11:50:22","guid":{"rendered":"https:\/\/www.vilaweb.cat\/botiga\/?post_type=product&#038;p=38822"},"modified":"2025-12-27T11:12:47","modified_gmt":"2025-12-27T10:12:47","slug":"the-white-castle","status":"publish","type":"product","link":"https:\/\/www.vilaweb.cat\/botiga\/producte\/the-white-castle\/","title":{"rendered":"The White Castle"},"content":{"rendered":"<p>Jap\u00f3, 1761. Prov\u00edncia de Harima. El d\u00e0imio Sakai Tadazumi governa la regi\u00f3 des del castell d\u2019Himeji. Als diferents clans locals els conv\u00e9 guanyar-se el favor del clan Sakai. Hauran de comptar amb membres de la fam\u00edlia als diferents nivell del castell blanc, des de la pol\u00edtica fins a l\u2019ex\u00e8rcit, passant pels jardiners. Qui s\u2019endur\u00e0 la vict\u00f2ria?<\/p>\n<p>The White Castle \u00e9s un joc on els jugadors assumeixen el paper de l\u00edders de clans menors, que es disputaran el seu futur a la cort de l\u2019au blanca. Una gesti\u00f3 oportuna dels recursos i la col\u00b7locaci\u00f3 dels membres de la fam\u00edlia al lloc clau del castell d\u2019Himeji conduir\u00e0 a la vict\u00f2ria.<\/p>\n<p>&nbsp;<\/p>\n","protected":false},"excerpt":{"rendered":"<p>A partir de 12 anys.<\/p>\n<p>d&#8217;1 a 4 jugadors<\/p>\n<p>Durada: 80 min<\/p>\n<div class=\"londji-product-feature\"><\/div>\n","protected":false},"featured_media":38825,"template":"","meta":[],"product_cat":[59],"product_tag":[],"_links":{"self":[{"href":"https:\/\/www.vilaweb.cat\/botiga\/wp-json\/wp\/v2\/product\/38822"}],"collection":[{"href":"https:\/\/www.vilaweb.cat\/botiga\/wp-json\/wp\/v2\/product"}],"about":[{"href":"https:\/\/www.vilaweb.cat\/botiga\/wp-json\/wp\/v2\/types\/product"}],"wp:featuredmedia":[{"embeddable":true,"href":"https:\/\/www.vilaweb.cat\/botiga\/wp-json\/wp\/v2\/media\/38825"}],"wp:attachment":[{"href":"https:\/\/www.vilaweb.cat\/botiga\/wp-json\/wp\/v2\/media?parent=38822"}],"wp:term":[{"taxonomy":"product_cat","embeddable":true,"href":"https:\/\/www.vilaweb.cat\/botiga\/wp-json\/wp\/v2\/product_cat?post=38822"},{"taxonomy":"product_tag","embeddable":true,"href":"https:\/\/www.vilaweb.cat\/botiga\/wp-json\/wp\/v2\/product_tag?post=38822"}],"curies":[{"name":"wp","href":"https:\/\/api.w.org\/{rel}","templated":true}]}}