{"id":38773,"date":"2024-11-20T16:47:31","date_gmt":"2024-11-20T15:47:31","guid":{"rendered":"https:\/\/www.vilaweb.cat\/botiga\/?post_type=product&#038;p=38773"},"modified":"2025-12-19T22:09:52","modified_gmt":"2025-12-19T21:09:52","slug":"joc-la-guineu","status":"publish","type":"product","link":"https:\/\/www.vilaweb.cat\/botiga\/producte\/joc-la-guineu\/","title":{"rendered":"Cluck, cluck! The Fox!"},"content":{"rendered":"<p class=\"cvGsUA direction-ltr align-start para-style-body\">Salva els ous i les gallines de les urpes de la guineu!<br \/>\nL&#8217;atzar del dau decidir\u00e0 si podem salvar un ou, dos ous, una de les gallines o, en canvi, toca fer avan\u00e7ar la guineu pel cam\u00ed. Haurem de prendre la millor decisi\u00f3 per aconseguir el nostre objectiu.<br \/>\nUn primer joc de taula per familiaritzar-nos amb els n\u00fameros i la din\u00e0mica dels jocs cooperatius.<br \/>\nUn joc de taula cooperatiu per a infants a partir dels 3 anys on haurem de treballar en equip per assolir el nostre objectiu! Un joc sostenible i de proximitat.<\/p>\n<p>&nbsp;<\/p>\n","protected":false},"excerpt":{"rendered":"<p>De 4 a 8 anys<\/p>\n<div class=\"londji-product-feature\">Material Paper FSC i cartr\u00f3 reciclat<br \/>\nIl.lustraci\u00f3 Canseixanta<br \/>\nInstruccions en catal\u00e0, castell\u00e0, franc\u00e8s, angl\u00e8s alemany i itali\u00e0<br \/>\nFabricat a Barcelona<\/div>\n","protected":false},"featured_media":38776,"template":"","meta":[],"product_cat":[58],"product_tag":[],"_links":{"self":[{"href":"https:\/\/www.vilaweb.cat\/botiga\/wp-json\/wp\/v2\/product\/38773"}],"collection":[{"href":"https:\/\/www.vilaweb.cat\/botiga\/wp-json\/wp\/v2\/product"}],"about":[{"href":"https:\/\/www.vilaweb.cat\/botiga\/wp-json\/wp\/v2\/types\/product"}],"wp:featuredmedia":[{"embeddable":true,"href":"https:\/\/www.vilaweb.cat\/botiga\/wp-json\/wp\/v2\/media\/38776"}],"wp:attachment":[{"href":"https:\/\/www.vilaweb.cat\/botiga\/wp-json\/wp\/v2\/media?parent=38773"}],"wp:term":[{"taxonomy":"product_cat","embeddable":true,"href":"https:\/\/www.vilaweb.cat\/botiga\/wp-json\/wp\/v2\/product_cat?post=38773"},{"taxonomy":"product_tag","embeddable":true,"href":"https:\/\/www.vilaweb.cat\/botiga\/wp-json\/wp\/v2\/product_tag?post=38773"}],"curies":[{"name":"wp","href":"https:\/\/api.w.org\/{rel}","templated":true}]}}