{"id":38752,"date":"2024-11-19T17:57:50","date_gmt":"2024-11-19T16:57:50","guid":{"rendered":"https:\/\/www.vilaweb.cat\/botiga\/?post_type=product&#038;p=38752"},"modified":"2026-01-03T13:26:53","modified_gmt":"2026-01-03T12:26:53","slug":"tros-joc-de-cartes-cooperatiu","status":"publish","type":"product","link":"https:\/\/www.vilaweb.cat\/botiga\/producte\/tros-joc-de-cartes-cooperatiu\/","title":{"rendered":"TROS. Joc de cartes cooperatiu"},"content":{"rendered":"<p class=\"cvGsUA direction-ltr align-start para-style-body\"><span class=\"OYPEnA font-feature-liga-off font-feature-clig-off font-feature-calt-off text-decoration-none text-strikethrough-none\">Benvinguts TROS, un\u00a0<\/span><span class=\"OYPEnA font-feature-liga-off font-feature-clig-off font-feature-calt-off text-decoration-none text-strikethrough-none\">joc de cartes cooperatiu<\/span><span class=\"OYPEnA font-feature-liga-off font-feature-clig-off font-feature-calt-off text-decoration-none text-strikethrough-none\"> del Col\u00b7lectiu Eixarcolant, en el qual haureu de gestionar uns <\/span><span class=\"OYPEnA font-feature-liga-off font-feature-clig-off font-feature-calt-off text-decoration-none text-strikethrough-none\">paisatges<\/span><span class=\"OYPEnA font-feature-liga-off font-feature-clig-off font-feature-calt-off text-decoration-none text-strikethrough-none\">\u00a0i utilitzar els\u00a0<\/span><span class=\"OYPEnA font-feature-liga-off font-feature-clig-off font-feature-calt-off text-decoration-none text-strikethrough-none\">recursos<\/span><span class=\"OYPEnA font-feature-liga-off font-feature-clig-off font-feature-calt-off text-decoration-none text-strikethrough-none\">\u00a0que generin per resoldre els esdeveniments que apareixeran a cada torn. El joc s\u2019acabar\u00e0 quan hagueu resolt tots els esdeveniments o no pugueu seguir endavant.<\/span><\/p>\n<p class=\"cvGsUA direction-ltr align-start para-style-body\"><span class=\"OYPEnA font-feature-liga-off font-feature-clig-off font-feature-calt-off text-decoration-none text-strikethrough-none\">Ara b\u00e9, superar les adversitats no ser\u00e0 suficient per obtenir la puntuaci\u00f3 \u00f2ptima. Heu estat capa\u00e7os de\u00a0<\/span><span class=\"OYPEnA font-feature-liga-off font-feature-clig-off font-feature-calt-off text-decoration-none text-strikethrough-none\">compartir els vostres coneixements<\/span><span class=\"OYPEnA font-feature-liga-off font-feature-clig-off font-feature-calt-off text-decoration-none text-strikethrough-none\">? Heu hagut d\u2019utilitzar recursos menys sostenibles per sortir del pas? Heu venut la vostra \u00e0nima a una empresa sense escr\u00fapols? Col\u00b7laboreu i preneu decisions s\u00e0vies!<\/span><\/p>\n<p>Es tracta d\u2019un joc de gesti\u00f3 de recursos cooperatiu contextualitzat en els sistemes agroalimentaris de Catalunya. Tots els elements que integra el joc s\u00f3n part de la realitat territorial i agroaliment\u00e0ria catalana i, per tant, m\u00e9s enll\u00e0 de la vessant l\u00fadica t\u00e9 una vessant pedag\u00f2gica \u2013 reflexiva important. L\u2019objectiu \u00e9s aconseguir la puntuaci\u00f3 m\u00e9s elevada possible amb l\u2019ajuda de la resta de participants.<\/p>\n<p>&nbsp;<\/p>\n","protected":false},"excerpt":{"rendered":"<p>A partir de 12 anys<\/p>\n<p>2-6 jugadors<\/p>\n","protected":false},"featured_media":38750,"template":"","meta":[],"product_cat":[59],"product_tag":[],"_links":{"self":[{"href":"https:\/\/www.vilaweb.cat\/botiga\/wp-json\/wp\/v2\/product\/38752"}],"collection":[{"href":"https:\/\/www.vilaweb.cat\/botiga\/wp-json\/wp\/v2\/product"}],"about":[{"href":"https:\/\/www.vilaweb.cat\/botiga\/wp-json\/wp\/v2\/types\/product"}],"wp:featuredmedia":[{"embeddable":true,"href":"https:\/\/www.vilaweb.cat\/botiga\/wp-json\/wp\/v2\/media\/38750"}],"wp:attachment":[{"href":"https:\/\/www.vilaweb.cat\/botiga\/wp-json\/wp\/v2\/media?parent=38752"}],"wp:term":[{"taxonomy":"product_cat","embeddable":true,"href":"https:\/\/www.vilaweb.cat\/botiga\/wp-json\/wp\/v2\/product_cat?post=38752"},{"taxonomy":"product_tag","embeddable":true,"href":"https:\/\/www.vilaweb.cat\/botiga\/wp-json\/wp\/v2\/product_tag?post=38752"}],"curies":[{"name":"wp","href":"https:\/\/api.w.org\/{rel}","templated":true}]}}