{"id":38605,"date":"2024-11-11T12:18:01","date_gmt":"2024-11-11T11:18:01","guid":{"rendered":"https:\/\/www.vilaweb.cat\/botiga\/?post_type=product&#038;p=38605"},"modified":"2026-01-16T19:05:29","modified_gmt":"2026-01-16T18:05:29","slug":"de-la-meva-vida","status":"publish","type":"product","link":"https:\/\/www.vilaweb.cat\/botiga\/producte\/de-la-meva-vida\/","title":{"rendered":"De la meva vida"},"content":{"rendered":"<p>En aquest llibre, Miquel Barcel\u00f3 ens parla per primera vegada \u00abde la meva vida\u00bb a trav\u00e9s dels seus carnets, la seva pintura, els seus dibuixos i una llarga s\u00e8rie de textos sobre la infantesa, els pares, Mallorca, la seva relaci\u00f3 amb el mar, els animals, la creaci\u00f3: \u00abPintar, nedar, llegir. Aix\u00f2 \u00e9s el que sempre he fet\u00bb.<\/p>\n<p>Aqu\u00ed hi trobem els seus amics i els seus referents humans, literaris i art\u00edstics. La fascinaci\u00f3 per \u00c0frica i per l\u2019art prehist\u00f2ric. Els diversos tallers i maneres de treballar a Mallorca, Par\u00eds i Mali. La seva relaci\u00f3 amb la pintura, l\u2019escultura, la cer\u00e0mica. La reflexi\u00f3 sobre els treballs monumentals a la catedral de Palma, a la seu de l\u2019ONU a Ginebra, a la Biblioteca Nacional de Fran\u00e7a, a Par\u00eds.<\/p>\n","protected":false},"excerpt":{"rendered":"<p>AUTOR: Miquel Barcel\u00f3<br \/>\nISBN: 9788410107922<br \/>\nEDICI\u00d3: 1a<br \/>\nENQUADERNACI\u00d3: R\u00fastica amb solapes<br \/>\nFORMAT: 14 x 21 cm<br \/>\nP\u00c0GINES: 264<br \/>\nIDIOMA: Catal\u00e0<\/p>\n","protected":false},"featured_media":38606,"template":"","meta":[],"product_cat":[42,427,18],"product_tag":[],"_links":{"self":[{"href":"https:\/\/www.vilaweb.cat\/botiga\/wp-json\/wp\/v2\/product\/38605"}],"collection":[{"href":"https:\/\/www.vilaweb.cat\/botiga\/wp-json\/wp\/v2\/product"}],"about":[{"href":"https:\/\/www.vilaweb.cat\/botiga\/wp-json\/wp\/v2\/types\/product"}],"wp:featuredmedia":[{"embeddable":true,"href":"https:\/\/www.vilaweb.cat\/botiga\/wp-json\/wp\/v2\/media\/38606"}],"wp:attachment":[{"href":"https:\/\/www.vilaweb.cat\/botiga\/wp-json\/wp\/v2\/media?parent=38605"}],"wp:term":[{"taxonomy":"product_cat","embeddable":true,"href":"https:\/\/www.vilaweb.cat\/botiga\/wp-json\/wp\/v2\/product_cat?post=38605"},{"taxonomy":"product_tag","embeddable":true,"href":"https:\/\/www.vilaweb.cat\/botiga\/wp-json\/wp\/v2\/product_tag?post=38605"}],"curies":[{"name":"wp","href":"https:\/\/api.w.org\/{rel}","templated":true}]}}