{"id":38479,"date":"2024-10-25T19:37:47","date_gmt":"2024-10-25T17:37:47","guid":{"rendered":"https:\/\/www.vilaweb.cat\/botiga\/?post_type=product&#038;p=38479"},"modified":"2025-12-04T12:51:07","modified_gmt":"2025-12-04T11:51:07","slug":"little-red-riding-hood","status":"publish","type":"product","link":"https:\/\/www.vilaweb.cat\/botiga\/producte\/little-red-riding-hood\/","title":{"rendered":"Little Red Riding Hood"},"content":{"rendered":"<p>La Caputxeta Vermella \u00e9s un joc de taula preescolar cooperatiu que consisteix a intentar que la caputxeta arribi abans que el llop a casa de l&#8217;\u00e0via.<\/p>\n<p>Tamb\u00e9 es pot jugar de forma competitiva en la versi\u00f3 per a dos jugadors, un \u00e9s el llop i l&#8217;altre la caputxeta. El jugador que arribi abans a casa de l&#8217;\u00e0via guanya la partida.<\/p>\n","protected":false},"excerpt":{"rendered":"<p>A partir de 2 anys<\/p>\n<p>1-4 jugadors<\/p>\n<p>Durada de la partida 10 min<\/p>\n","protected":false},"featured_media":38482,"template":"","meta":[],"product_cat":[58],"product_tag":[],"_links":{"self":[{"href":"https:\/\/www.vilaweb.cat\/botiga\/wp-json\/wp\/v2\/product\/38479"}],"collection":[{"href":"https:\/\/www.vilaweb.cat\/botiga\/wp-json\/wp\/v2\/product"}],"about":[{"href":"https:\/\/www.vilaweb.cat\/botiga\/wp-json\/wp\/v2\/types\/product"}],"wp:featuredmedia":[{"embeddable":true,"href":"https:\/\/www.vilaweb.cat\/botiga\/wp-json\/wp\/v2\/media\/38482"}],"wp:attachment":[{"href":"https:\/\/www.vilaweb.cat\/botiga\/wp-json\/wp\/v2\/media?parent=38479"}],"wp:term":[{"taxonomy":"product_cat","embeddable":true,"href":"https:\/\/www.vilaweb.cat\/botiga\/wp-json\/wp\/v2\/product_cat?post=38479"},{"taxonomy":"product_tag","embeddable":true,"href":"https:\/\/www.vilaweb.cat\/botiga\/wp-json\/wp\/v2\/product_tag?post=38479"}],"curies":[{"name":"wp","href":"https:\/\/api.w.org\/{rel}","templated":true}]}}