{"id":38433,"date":"2024-10-23T18:25:27","date_gmt":"2024-10-23T16:25:27","guid":{"rendered":"https:\/\/www.vilaweb.cat\/botiga\/?post_type=product&#038;p=38433"},"modified":"2026-03-06T17:20:37","modified_gmt":"2026-03-06T16:20:37","slug":"penjoll-c","status":"publish","type":"product","link":"https:\/\/www.vilaweb.cat\/botiga\/producte\/penjoll-c\/","title":{"rendered":"Penjoll \u00c7"},"content":{"rendered":"<p><span class=\"im\">Penjoll amb \u00c7 en plata de llei.<br \/>\n<\/span>Una delicada \u00c7 d&#8217;uns 10 mm de llarg, feta amb plata de llei certificada pel\u00a0Responsible Jewellery Council\u00a0(RJC). Aix\u00f2 garanteix que la plata prov\u00e9 de mines europees que compleixen els requisits m\u00e9s exigents en seguretat ambiental i drets humans, cosa que n&#8217;assegura una producci\u00f3 \u00e8tica. El penjoll inclou una cadena de plata ajustable de 38 cm a 42 cm.<\/p>\n","protected":false},"excerpt":{"rendered":"<p>Joia de plata, feta a m\u00e0 per\u00a0<span class=\"hiddenSpellError\">tTjoies<\/span><\/p>\n<p>Si, en el moment de la compra, l&#8217;article apareix com a &#8220;reserva&#8221;, el temps d&#8217;espera ser\u00e0 d\u2019una setmana, perqu\u00e8 \u00e9s una joia feta a m\u00e0.<\/p>\n","protected":false},"featured_media":38455,"template":"","meta":[],"product_cat":[295,62,307,102],"product_tag":[],"_links":{"self":[{"href":"https:\/\/www.vilaweb.cat\/botiga\/wp-json\/wp\/v2\/product\/38433"}],"collection":[{"href":"https:\/\/www.vilaweb.cat\/botiga\/wp-json\/wp\/v2\/product"}],"about":[{"href":"https:\/\/www.vilaweb.cat\/botiga\/wp-json\/wp\/v2\/types\/product"}],"wp:featuredmedia":[{"embeddable":true,"href":"https:\/\/www.vilaweb.cat\/botiga\/wp-json\/wp\/v2\/media\/38455"}],"wp:attachment":[{"href":"https:\/\/www.vilaweb.cat\/botiga\/wp-json\/wp\/v2\/media?parent=38433"}],"wp:term":[{"taxonomy":"product_cat","embeddable":true,"href":"https:\/\/www.vilaweb.cat\/botiga\/wp-json\/wp\/v2\/product_cat?post=38433"},{"taxonomy":"product_tag","embeddable":true,"href":"https:\/\/www.vilaweb.cat\/botiga\/wp-json\/wp\/v2\/product_tag?post=38433"}],"curies":[{"name":"wp","href":"https:\/\/api.w.org\/{rel}","templated":true}]}}