{"id":38430,"date":"2024-10-23T16:53:59","date_gmt":"2024-10-23T14:53:59","guid":{"rendered":"https:\/\/www.vilaweb.cat\/botiga\/?post_type=product&#038;p=38430"},"modified":"2025-12-13T08:16:12","modified_gmt":"2025-12-13T07:16:12","slug":"la-xocolata-laventura-catalana","status":"publish","type":"product","link":"https:\/\/www.vilaweb.cat\/botiga\/producte\/la-xocolata-laventura-catalana\/","title":{"rendered":"La xocolata. L\u2019aventura catalana"},"content":{"rendered":"<p>Des de quan es fa xocolata a Catalunya?<\/p>\n<p>Sab\u00edeu quan es prenia xocolata a la missa?<\/p>\n<p>Perqu\u00e8 Agramunt es va convertir en un poble xocolater?<\/p>\n<p>Qu\u00e8 berenava cada dia Antoni Gaud\u00ed mentre feia la Sagrada Fam\u00edlia?<\/p>\n<p>La xocolata engreixa?<\/p>\n<p>La xocolata pot arribar a allargar la vida?<\/p>\n<p>A LA XOCOLATA. L\u2019aventura catalana el conegut senyor Marcel\u00b7l\u00ed Virgili, amb el seu humor caracter\u00edstic, ens apropa al m\u00f3n de la xocolata, la seva hist\u00f2ria i tradicions. A trav\u00e9s de breus cap\u00edtols, el nostre savi m\u00e9s rondinaire ens relata com va ser l\u2019arribada del cacau a Europa en temps de Colom i com Catalunya es va convertir en un gran centre xocolater, amb grans nissagues que han perdurat fins l\u2019actualitat.<\/p>\n<p>A LA XOCOLATA. L\u2019aventura catalana descobrirem com el cacau va passar de ser una beguda m\u00e0gica i remeiera a delectar els paladars m\u00e9s exquisits. Comerciants i bandolers, reis i frares, trag\u00e8dies i prohibicions, can\u00e7ons, dites, llibres, pel\u00b7l\u00edcules\u2026 proporcionen tot un univers d\u2019hist\u00f2ries al voltant de la xocolata, sempre amanides de curiositats, an\u00e8cdotes i refer\u00e8ncies a personatges hist\u00f2rics i famosos. Un llibre original i divertit, rigor\u00f3s i acurat, que tamb\u00e9 recupera imatges de grans dibuixants de la tradici\u00f3 il\u00b7lustrativa catalana.<\/p>\n<p>Com el mateix senyor Marcel\u00b7l\u00ed Virgili afirma, tot cofoi i orgull\u00f3s, LA XOCOLATA. L\u2019aventura catalana \u00ab\u00e9s un llibre imprescindible, que tot amant de la xocolata no pot pas deixar passar\u00bb.<\/p>\n","protected":false},"excerpt":{"rendered":"<p>AUTOR: Marcel\u00b7l\u00ed Virgili<br \/>\nISBN: 9788412798548<br \/>\nEDICI\u00d3: 1a<br \/>\nENQUADERNACI\u00d3: R\u00fastica amb solapes<br \/>\nFORMAT: 14 x 21 cm<br \/>\nP\u00c0GINES: 263<br \/>\nIDIOMA: Catal\u00e0<\/p>\n","protected":false},"featured_media":38431,"template":"","meta":[],"product_cat":[42,207,45,18],"product_tag":[],"_links":{"self":[{"href":"https:\/\/www.vilaweb.cat\/botiga\/wp-json\/wp\/v2\/product\/38430"}],"collection":[{"href":"https:\/\/www.vilaweb.cat\/botiga\/wp-json\/wp\/v2\/product"}],"about":[{"href":"https:\/\/www.vilaweb.cat\/botiga\/wp-json\/wp\/v2\/types\/product"}],"wp:featuredmedia":[{"embeddable":true,"href":"https:\/\/www.vilaweb.cat\/botiga\/wp-json\/wp\/v2\/media\/38431"}],"wp:attachment":[{"href":"https:\/\/www.vilaweb.cat\/botiga\/wp-json\/wp\/v2\/media?parent=38430"}],"wp:term":[{"taxonomy":"product_cat","embeddable":true,"href":"https:\/\/www.vilaweb.cat\/botiga\/wp-json\/wp\/v2\/product_cat?post=38430"},{"taxonomy":"product_tag","embeddable":true,"href":"https:\/\/www.vilaweb.cat\/botiga\/wp-json\/wp\/v2\/product_tag?post=38430"}],"curies":[{"name":"wp","href":"https:\/\/api.w.org\/{rel}","templated":true}]}}