{"id":38421,"date":"2024-10-23T12:06:42","date_gmt":"2024-10-23T10:06:42","guid":{"rendered":"https:\/\/www.vilaweb.cat\/botiga\/?post_type=product&#038;p=38421"},"modified":"2026-01-16T19:07:42","modified_gmt":"2026-01-16T18:07:42","slug":"corresponsal-denlloc-copia","status":"publish","type":"product","link":"https:\/\/www.vilaweb.cat\/botiga\/producte\/corresponsal-denlloc-copia\/","title":{"rendered":"Menopausa. No hi ha regles"},"content":{"rendered":"<p>Mireia Grossmann comparteix la seva experi\u00e8ncia i coneixement impartint cursos i xerrades arreu de la geografia peninsular, aix\u00ed com en xarxes socials. I \u00e9s que la menopausa i el climateri no nom\u00e9s s\u00f3n &#8220;coses de dones&#8221;, sin\u00f3 tamb\u00e9 de totes aquelles persones que viuen amb elles. El llibre at\u00e9n els canvis hormonals, els fogots, la congesti\u00f3 de les estructures anat\u00f2miques, els prolapses, la incontin\u00e8ncia, les infeccions d&#8217;orina i el dolor en la penetraci\u00f3. A m\u00e9s, ofereix v\u00eddeos en format QR i altres recursos per a superar els problemes presents en el climateri i la menopausa a trav\u00e9s dels exercicis del s\u00f2l pelvi\u00e0, l&#8217;activitat f\u00edsica, la respiraci\u00f3 conscient, una alimentaci\u00f3 saludable i les sensacions corporals que reporten plaer.<\/p>\n","protected":false},"excerpt":{"rendered":"<p>AUTOR: Mireia Grossmann<br \/>\nISBN: 9788411730907<br \/>\nEDICI\u00d3: 1a<br \/>\nENQUADERNACI\u00d3: R\u00fastica amb solapes<br \/>\nFORMAT: 14 x 21 cm<br \/>\nP\u00c0GINES: 102<br \/>\nIDIOMA: Catal\u00e0<\/p>\n","protected":false},"featured_media":38422,"template":"","meta":[],"product_cat":[42,427,18],"product_tag":[],"_links":{"self":[{"href":"https:\/\/www.vilaweb.cat\/botiga\/wp-json\/wp\/v2\/product\/38421"}],"collection":[{"href":"https:\/\/www.vilaweb.cat\/botiga\/wp-json\/wp\/v2\/product"}],"about":[{"href":"https:\/\/www.vilaweb.cat\/botiga\/wp-json\/wp\/v2\/types\/product"}],"wp:featuredmedia":[{"embeddable":true,"href":"https:\/\/www.vilaweb.cat\/botiga\/wp-json\/wp\/v2\/media\/38422"}],"wp:attachment":[{"href":"https:\/\/www.vilaweb.cat\/botiga\/wp-json\/wp\/v2\/media?parent=38421"}],"wp:term":[{"taxonomy":"product_cat","embeddable":true,"href":"https:\/\/www.vilaweb.cat\/botiga\/wp-json\/wp\/v2\/product_cat?post=38421"},{"taxonomy":"product_tag","embeddable":true,"href":"https:\/\/www.vilaweb.cat\/botiga\/wp-json\/wp\/v2\/product_tag?post=38421"}],"curies":[{"name":"wp","href":"https:\/\/api.w.org\/{rel}","templated":true}]}}