{"id":38360,"date":"2024-10-18T18:12:54","date_gmt":"2024-10-18T16:12:54","guid":{"rendered":"https:\/\/www.vilaweb.cat\/botiga\/?post_type=product&#038;p=38360"},"modified":"2025-12-31T15:59:29","modified_gmt":"2025-12-31T14:59:29","slug":"dodo-joc-cooperatiu","status":"publish","type":"product","link":"https:\/\/www.vilaweb.cat\/botiga\/producte\/dodo-joc-cooperatiu\/","title":{"rendered":"Dodo. Joc cooperatiu"},"content":{"rendered":"<p>Dodo \u00e9s un joc cooperatiu en el qual haureu de salvar l&#8217;ou que es precipita a trav\u00e9s del penya-segat.Aconseguireu salvar la petita cria de dodo?<br \/>\nUtilitzant la seva mem\u00f2ria i sense perdre ni un segon, els jugadors han de construir ponts i un embarcador per a rescatar l&#8217;ou del Dodo, que a poc a poc va caient pels vessants de la muntanya.<\/p>\n<p>Un any m\u00e9s, l&#8217;acolorit ocell dodo ha preparat el seu niu en el cim m\u00e9s alt de l&#8217;illa. No obstant aix\u00f2, aquest ocell es despista amb facilitat i en qualsevol moment pot emp\u00e8nyer sense voler l&#8217;ou. Per sort, la tribu dels Hagulaminapitopasi, per als quals el dodo \u00e9s un animal sagrat, ja est\u00e0 preparada i far\u00e0 tot el possible per a evitar que l&#8217;ou caigui per un dels penya-segats de la muntanya.<\/p>\n","protected":false},"excerpt":{"rendered":"<p>A partir de 6 anys<\/p>\n<p>2-4 jugadors<\/p>\n<p>Durada de la partida 10 min<\/p>\n","protected":false},"featured_media":38361,"template":"","meta":[],"product_cat":[58],"product_tag":[],"_links":{"self":[{"href":"https:\/\/www.vilaweb.cat\/botiga\/wp-json\/wp\/v2\/product\/38360"}],"collection":[{"href":"https:\/\/www.vilaweb.cat\/botiga\/wp-json\/wp\/v2\/product"}],"about":[{"href":"https:\/\/www.vilaweb.cat\/botiga\/wp-json\/wp\/v2\/types\/product"}],"wp:featuredmedia":[{"embeddable":true,"href":"https:\/\/www.vilaweb.cat\/botiga\/wp-json\/wp\/v2\/media\/38361"}],"wp:attachment":[{"href":"https:\/\/www.vilaweb.cat\/botiga\/wp-json\/wp\/v2\/media?parent=38360"}],"wp:term":[{"taxonomy":"product_cat","embeddable":true,"href":"https:\/\/www.vilaweb.cat\/botiga\/wp-json\/wp\/v2\/product_cat?post=38360"},{"taxonomy":"product_tag","embeddable":true,"href":"https:\/\/www.vilaweb.cat\/botiga\/wp-json\/wp\/v2\/product_tag?post=38360"}],"curies":[{"name":"wp","href":"https:\/\/api.w.org\/{rel}","templated":true}]}}