{"id":38357,"date":"2024-10-18T17:50:22","date_gmt":"2024-10-18T15:50:22","guid":{"rendered":"https:\/\/www.vilaweb.cat\/botiga\/?post_type=product&#038;p=38357"},"modified":"2026-01-05T12:32:02","modified_gmt":"2026-01-05T11:32:02","slug":"genial-joc-de-collocacio-estrategica","status":"publish","type":"product","link":"https:\/\/www.vilaweb.cat\/botiga\/producte\/genial-joc-de-collocacio-estrategica\/","title":{"rendered":"GENIAL. Joc de col\u00b7locaci\u00f3 estrat\u00e8gica"},"content":{"rendered":"<p>Genial \u00e9s un incre\u00efble desafiament intel\u00b7lectual que \u00e9s capa\u00e7 d&#8217;enganxar a tots els p\u00fablics. Aquest enginy\u00f3s joc ha estat nominat al prestigi\u00f3s premi alemany Joc de l&#8217;Any 2004 i ja hi ha m\u00e9s de 800.000 c\u00f2pies venudes.<\/p>\n<p>Genial \u00e9s un joc de tauler imaginatiu, de regles senzilles i f\u00e0cil aprenentatge. Es tracta d&#8217;un dels pocs jocs de tauler que ofereix la possibilitat de jugar en solitari.<\/p>\n","protected":false},"excerpt":{"rendered":"<p>A partir de 8 anys<\/p>\n<p>2-4 jugadors<\/p>\n<p>Durada de la partida 45 min<\/p>\n","protected":false},"featured_media":38359,"template":"","meta":[],"product_cat":[59],"product_tag":[],"_links":{"self":[{"href":"https:\/\/www.vilaweb.cat\/botiga\/wp-json\/wp\/v2\/product\/38357"}],"collection":[{"href":"https:\/\/www.vilaweb.cat\/botiga\/wp-json\/wp\/v2\/product"}],"about":[{"href":"https:\/\/www.vilaweb.cat\/botiga\/wp-json\/wp\/v2\/types\/product"}],"wp:featuredmedia":[{"embeddable":true,"href":"https:\/\/www.vilaweb.cat\/botiga\/wp-json\/wp\/v2\/media\/38359"}],"wp:attachment":[{"href":"https:\/\/www.vilaweb.cat\/botiga\/wp-json\/wp\/v2\/media?parent=38357"}],"wp:term":[{"taxonomy":"product_cat","embeddable":true,"href":"https:\/\/www.vilaweb.cat\/botiga\/wp-json\/wp\/v2\/product_cat?post=38357"},{"taxonomy":"product_tag","embeddable":true,"href":"https:\/\/www.vilaweb.cat\/botiga\/wp-json\/wp\/v2\/product_tag?post=38357"}],"curies":[{"name":"wp","href":"https:\/\/api.w.org\/{rel}","templated":true}]}}