{"id":38354,"date":"2024-10-18T17:41:18","date_gmt":"2024-10-18T15:41:18","guid":{"rendered":"https:\/\/www.vilaweb.cat\/botiga\/?post_type=product&#038;p=38354"},"modified":"2026-01-03T13:26:53","modified_gmt":"2026-01-03T12:26:53","slug":"hilo","status":"publish","type":"product","link":"https:\/\/www.vilaweb.cat\/botiga\/producte\/hilo\/","title":{"rendered":"HILO"},"content":{"rendered":"<p>HILO \u00e9s un joc que s&#8217;apr\u00e8n en un moment i del qual mai en tindr\u00e0s prou. Intenta reempla\u00e7ar com m\u00e9s aviat millor les teves cartes de valor m\u00e9s alt amb cartes m\u00e9s baixes, o mira d&#8217;eliminar files senceres. Quan un jugador hagi voltejat totes les seves cartes, la ronda acaba. Guanya el jugador que tingui menys punts al final de la partida.<\/p>\n","protected":false},"excerpt":{"rendered":"<p>A partir de 8 anys<\/p>\n<p>2-6 jugadors<\/p>\n<p>Durada de la partida 20 min<\/p>\n","protected":false},"featured_media":38356,"template":"","meta":[],"product_cat":[59],"product_tag":[],"_links":{"self":[{"href":"https:\/\/www.vilaweb.cat\/botiga\/wp-json\/wp\/v2\/product\/38354"}],"collection":[{"href":"https:\/\/www.vilaweb.cat\/botiga\/wp-json\/wp\/v2\/product"}],"about":[{"href":"https:\/\/www.vilaweb.cat\/botiga\/wp-json\/wp\/v2\/types\/product"}],"wp:featuredmedia":[{"embeddable":true,"href":"https:\/\/www.vilaweb.cat\/botiga\/wp-json\/wp\/v2\/media\/38356"}],"wp:attachment":[{"href":"https:\/\/www.vilaweb.cat\/botiga\/wp-json\/wp\/v2\/media?parent=38354"}],"wp:term":[{"taxonomy":"product_cat","embeddable":true,"href":"https:\/\/www.vilaweb.cat\/botiga\/wp-json\/wp\/v2\/product_cat?post=38354"},{"taxonomy":"product_tag","embeddable":true,"href":"https:\/\/www.vilaweb.cat\/botiga\/wp-json\/wp\/v2\/product_tag?post=38354"}],"curies":[{"name":"wp","href":"https:\/\/api.w.org\/{rel}","templated":true}]}}