{"id":38347,"date":"2024-10-18T17:17:54","date_gmt":"2024-10-18T15:17:54","guid":{"rendered":"https:\/\/www.vilaweb.cat\/botiga\/?post_type=product&#038;p=38347"},"modified":"2026-03-06T19:34:57","modified_gmt":"2026-03-06T18:34:57","slug":"fent-pais-escapades-amb-gossos","status":"publish","type":"product","link":"https:\/\/www.vilaweb.cat\/botiga\/producte\/fent-pais-escapades-amb-gossos\/","title":{"rendered":"Fent Pa\u00eds &#8211; Escapades amb gossos"},"content":{"rendered":"<p>Tria i remena entre un munt de propostes d&#8217;allotjaments amb el segell pet friendly. En aquesta capsa regal trobar\u00e0s nits en petits hotels i cases rurals per a 2 persones. Consulta cada proposta per saber si a m\u00e9s de la nit, tamb\u00e9 t&#8217;inclou algun \u00e0pat o activtat.<\/p>\n<p>I per descomptat! La teva mascota \u00e9s molt benvinguda i qualsevol suplement est\u00e0 incl\u00f2s a la capsa regal.<\/p>\n","protected":false},"excerpt":{"rendered":"<p>Tria i remena entre un munt de propostes d&#8217;allotjaments amb el segell pet friendly. En aquesta capsa regal trobar\u00e0s nits en petits hotels i cases rurals per a 2 persones. Consulta cada proposta per saber si a m\u00e9s de la nit, tamb\u00e9 t&#8217;inclou algun \u00e0pat o activtat. I per descomptat! La teva mascota \u00e9s molt [&hellip;]<\/p>\n","protected":false},"featured_media":38348,"template":"","meta":[],"product_cat":[103],"product_tag":[],"_links":{"self":[{"href":"https:\/\/www.vilaweb.cat\/botiga\/wp-json\/wp\/v2\/product\/38347"}],"collection":[{"href":"https:\/\/www.vilaweb.cat\/botiga\/wp-json\/wp\/v2\/product"}],"about":[{"href":"https:\/\/www.vilaweb.cat\/botiga\/wp-json\/wp\/v2\/types\/product"}],"wp:featuredmedia":[{"embeddable":true,"href":"https:\/\/www.vilaweb.cat\/botiga\/wp-json\/wp\/v2\/media\/38348"}],"wp:attachment":[{"href":"https:\/\/www.vilaweb.cat\/botiga\/wp-json\/wp\/v2\/media?parent=38347"}],"wp:term":[{"taxonomy":"product_cat","embeddable":true,"href":"https:\/\/www.vilaweb.cat\/botiga\/wp-json\/wp\/v2\/product_cat?post=38347"},{"taxonomy":"product_tag","embeddable":true,"href":"https:\/\/www.vilaweb.cat\/botiga\/wp-json\/wp\/v2\/product_tag?post=38347"}],"curies":[{"name":"wp","href":"https:\/\/api.w.org\/{rel}","templated":true}]}}