{"id":38303,"date":"2024-10-14T13:32:59","date_gmt":"2024-10-14T11:32:59","guid":{"rendered":"https:\/\/www.vilaweb.cat\/botiga\/?post_type=product&#038;p=38303"},"modified":"2026-01-05T18:36:49","modified_gmt":"2026-01-05T17:36:49","slug":"lletra-a-lletra","status":"publish","type":"product","link":"https:\/\/www.vilaweb.cat\/botiga\/producte\/lletra-a-lletra\/","title":{"rendered":"Lletra a lletra"},"content":{"rendered":"<p><strong>Lletra a lletra \u00e9s un divertit joc de taula<\/strong>\u00a0on l&#8217;objectiu \u00e9s\u00a0<strong>desembolicar les paraules<\/strong>\u00a0que apareixen escrites al voltant dels cercles de colors en les cartes que es van posant sobre la taula.<\/p>\n<p>Un cop repartides totes les cartes, el joc comen\u00e7a llegint la paraula oculta que hi ha al cercle negre. Qui digui abans la paraula d&#8217;aquest cercle aconsegueix la carta i li d\u00f3na la volta. El color del dors (negre, vermell o blau) marcar\u00e0 el cercle que cal llegir en la seg\u00fcent jugada. Guanya qui aconsegueixi primer deu cartes!<\/p>\n<p>Sembla un joc senzill, per\u00f2 deixar\u00e0 desconcertat a m\u00e9s d&#8217;un en aquesta r\u00e0pida recerca de la paraula correcta, perqu\u00e8 no \u00e9s tan f\u00e0cil llegir en circular sense que estigui marcat l&#8217;inici i el final de cadascuna.\u00a0<strong>Un joc molt interessant per gaudir en fam\u00edlia i aprendre nous conceptes de forma divertida, desenvolupar la mem\u00f2ria visual i l&#8217;agilitat mental.<\/strong>\u00a0&#8216;Hores d&#8217;entreteniment assegurat!<\/p>\n<p>\u00c9s un joc\u00a0<strong>ideal per portar de viatge.<\/strong><\/p>\n","protected":false},"excerpt":{"rendered":"<p>A partir de 10 anys<\/p>\n<p>2-10 jugadors<\/p>\n<p>Durada de la partida 15 min<\/p>\n","protected":false},"featured_media":38306,"template":"","meta":[],"product_cat":[59],"product_tag":[],"_links":{"self":[{"href":"https:\/\/www.vilaweb.cat\/botiga\/wp-json\/wp\/v2\/product\/38303"}],"collection":[{"href":"https:\/\/www.vilaweb.cat\/botiga\/wp-json\/wp\/v2\/product"}],"about":[{"href":"https:\/\/www.vilaweb.cat\/botiga\/wp-json\/wp\/v2\/types\/product"}],"wp:featuredmedia":[{"embeddable":true,"href":"https:\/\/www.vilaweb.cat\/botiga\/wp-json\/wp\/v2\/media\/38306"}],"wp:attachment":[{"href":"https:\/\/www.vilaweb.cat\/botiga\/wp-json\/wp\/v2\/media?parent=38303"}],"wp:term":[{"taxonomy":"product_cat","embeddable":true,"href":"https:\/\/www.vilaweb.cat\/botiga\/wp-json\/wp\/v2\/product_cat?post=38303"},{"taxonomy":"product_tag","embeddable":true,"href":"https:\/\/www.vilaweb.cat\/botiga\/wp-json\/wp\/v2\/product_tag?post=38303"}],"curies":[{"name":"wp","href":"https:\/\/api.w.org\/{rel}","templated":true}]}}