{"id":38249,"date":"2024-10-11T13:25:57","date_gmt":"2024-10-11T11:25:57","guid":{"rendered":"https:\/\/www.vilaweb.cat\/botiga\/?post_type=product&#038;p=38249"},"modified":"2026-02-19T14:00:09","modified_gmt":"2026-02-19T13:00:09","slug":"virus-en-catala","status":"publish","type":"product","link":"https:\/\/www.vilaweb.cat\/botiga\/producte\/virus-en-catala\/","title":{"rendered":"Virus!"},"content":{"rendered":"<p>Virus!\u00a0\u00e9s un joc familiar en el qual l\u2019objectiu \u00e9s aconseguir a\u00efllar un cos sa i erradicar el virus abans que qualsevol altra persona l\u2019aconsegueixi. Aquest joc no ent\u00e9n d\u2019\u00e8tica i tot \u00e9s v\u00e0lid per a aconseguir la vict\u00f2ria.<\/p>\n","protected":false},"excerpt":{"rendered":"<p>A partir de 8 anys<\/p>\n<p>2-6 jugadors<\/p>\n<p>Durada de la partida 20 min<\/p>\n","protected":false},"featured_media":46596,"template":"","meta":[],"product_cat":[59,58],"product_tag":[],"_links":{"self":[{"href":"https:\/\/www.vilaweb.cat\/botiga\/wp-json\/wp\/v2\/product\/38249"}],"collection":[{"href":"https:\/\/www.vilaweb.cat\/botiga\/wp-json\/wp\/v2\/product"}],"about":[{"href":"https:\/\/www.vilaweb.cat\/botiga\/wp-json\/wp\/v2\/types\/product"}],"wp:featuredmedia":[{"embeddable":true,"href":"https:\/\/www.vilaweb.cat\/botiga\/wp-json\/wp\/v2\/media\/46596"}],"wp:attachment":[{"href":"https:\/\/www.vilaweb.cat\/botiga\/wp-json\/wp\/v2\/media?parent=38249"}],"wp:term":[{"taxonomy":"product_cat","embeddable":true,"href":"https:\/\/www.vilaweb.cat\/botiga\/wp-json\/wp\/v2\/product_cat?post=38249"},{"taxonomy":"product_tag","embeddable":true,"href":"https:\/\/www.vilaweb.cat\/botiga\/wp-json\/wp\/v2\/product_tag?post=38249"}],"curies":[{"name":"wp","href":"https:\/\/api.w.org\/{rel}","templated":true}]}}