{"id":38244,"date":"2024-10-11T13:22:09","date_gmt":"2024-10-11T11:22:09","guid":{"rendered":"https:\/\/www.vilaweb.cat\/botiga\/?post_type=product&#038;p=38244"},"modified":"2025-11-15T18:19:27","modified_gmt":"2025-11-15T17:19:27","slug":"ouch-2","status":"publish","type":"product","link":"https:\/\/www.vilaweb.cat\/botiga\/producte\/ouch-2\/","title":{"rendered":"Ouch!"},"content":{"rendered":"<p>La flor del cactus \u00e9s acolorida i cridanera, n\u2019has vist alguna vegada alguna? Ha arribat el moment de recol\u00b7lectar totes les que puguis, sense punxar-te!<\/p>\n<p>Si hi ha alguna cosa que carateriza als cactus, s\u00f3n les seves punxes protectores que allunyen als visitants m\u00e9s indesitjats. Com \u00e9s una planta fora del com\u00fa, dona unes flors espectaculars que haur\u00e0s de recollir amb cura de no punxar-te.<br \/>\nD\u2019entre tots els cactus, \u00e9s possible que aparegui algun animal t\u00edpic del desert, estigues alerta! dep\u00e8n del que et trobis t\u2019ajudar\u00e0 o s\u2019emportar\u00e0 algunes flors.<\/p>\n","protected":false},"excerpt":{"rendered":"<p>A partir de 5 anys<\/p>\n<p>2-5 jugadors<\/p>\n<p>Durada de la partida 10 min<\/p>\n","protected":false},"featured_media":38247,"template":"","meta":[],"product_cat":[58],"product_tag":[],"_links":{"self":[{"href":"https:\/\/www.vilaweb.cat\/botiga\/wp-json\/wp\/v2\/product\/38244"}],"collection":[{"href":"https:\/\/www.vilaweb.cat\/botiga\/wp-json\/wp\/v2\/product"}],"about":[{"href":"https:\/\/www.vilaweb.cat\/botiga\/wp-json\/wp\/v2\/types\/product"}],"wp:featuredmedia":[{"embeddable":true,"href":"https:\/\/www.vilaweb.cat\/botiga\/wp-json\/wp\/v2\/media\/38247"}],"wp:attachment":[{"href":"https:\/\/www.vilaweb.cat\/botiga\/wp-json\/wp\/v2\/media?parent=38244"}],"wp:term":[{"taxonomy":"product_cat","embeddable":true,"href":"https:\/\/www.vilaweb.cat\/botiga\/wp-json\/wp\/v2\/product_cat?post=38244"},{"taxonomy":"product_tag","embeddable":true,"href":"https:\/\/www.vilaweb.cat\/botiga\/wp-json\/wp\/v2\/product_tag?post=38244"}],"curies":[{"name":"wp","href":"https:\/\/api.w.org\/{rel}","templated":true}]}}