{"id":37968,"date":"2024-09-23T19:18:55","date_gmt":"2024-09-23T17:18:55","guid":{"rendered":"https:\/\/www.vilaweb.cat\/botiga\/?post_type=product&#038;p=37968"},"modified":"2026-01-16T19:08:17","modified_gmt":"2026-01-16T18:08:17","slug":"ets-una-exagerada-biaix-de-genere-i-sexe-en-salut","status":"publish","type":"product","link":"https:\/\/www.vilaweb.cat\/botiga\/producte\/ets-una-exagerada-biaix-de-genere-i-sexe-en-salut\/","title":{"rendered":"Ets una exagerada. Biaix de g\u00e8nere i sexe en salut"},"content":{"rendered":"<p>La pr\u00e0ctica m\u00e8dica no escapa de la mirada androc\u00e8ntrica que ha considerat el sexe mascul\u00ed el referent universal dels estudis. El biaix travessa tots els \u00e0mbits m\u00e8dics, des de la recerca i la innovaci\u00f3 fins al diagn\u00f2stic i el tractament.<\/p>\n<p>A la medicina persisteixen criteris i protocols que poden ser inadequats per a les persones que no s&#8217;identifiquen com a homes. El model m\u00e8dic mascul\u00ed \u00e9s esbiaixat i omet part de la casu\u00edstica m\u00e8dica, per\u00f2 es continua aplicant a tothom i pot ocasionar conseq\u00fc\u00e8ncies indesitjades per a la salut f\u00edsica i ps\u00edquica, sobretot de les dones i d&#8217;altres persones amb diferents expressions de sexe i g\u00e8nere.<\/p>\n<p>Ets una exagerada \u00e9s un projecte col\u00b7laboratiu entre diferents hospitals, metgesses i metges, amb l&#8217;objectiu d&#8217;esmenar incorreccions de la recerca m\u00e8dica, i actualitzar processos i pr\u00e0ctiques per apropar-los a una atenci\u00f3 m\u00e9s individualitzada. El llibre tamb\u00e9 recull testimonis de pacients que expliquen de primera m\u00e0 com aquestes pr\u00e0ctiques poden afectar la vida de les persones, i ens fa reflexionar que aprendre i millorar en perspectiva de g\u00e8nere \u00e9s necessari i urgent.<\/p>\n","protected":false},"excerpt":{"rendered":"<p>AUTOR: Isabel Muntan\u00e9 i Blanca Coll-Vinent<br \/>\nISBN: 9788419206022<br \/>\nEDICI\u00d3: 1a<br \/>\nENQUADERNACI\u00d3: Rustica amb solapes<br \/>\nFORMAT: 14 x 21 cm<br \/>\nP\u00c0GINES: 224<br \/>\nIDIOMA: Catal\u00e0<\/p>\n","protected":false},"featured_media":37970,"template":"","meta":[],"product_cat":[42,427,18],"product_tag":[],"_links":{"self":[{"href":"https:\/\/www.vilaweb.cat\/botiga\/wp-json\/wp\/v2\/product\/37968"}],"collection":[{"href":"https:\/\/www.vilaweb.cat\/botiga\/wp-json\/wp\/v2\/product"}],"about":[{"href":"https:\/\/www.vilaweb.cat\/botiga\/wp-json\/wp\/v2\/types\/product"}],"wp:featuredmedia":[{"embeddable":true,"href":"https:\/\/www.vilaweb.cat\/botiga\/wp-json\/wp\/v2\/media\/37970"}],"wp:attachment":[{"href":"https:\/\/www.vilaweb.cat\/botiga\/wp-json\/wp\/v2\/media?parent=37968"}],"wp:term":[{"taxonomy":"product_cat","embeddable":true,"href":"https:\/\/www.vilaweb.cat\/botiga\/wp-json\/wp\/v2\/product_cat?post=37968"},{"taxonomy":"product_tag","embeddable":true,"href":"https:\/\/www.vilaweb.cat\/botiga\/wp-json\/wp\/v2\/product_tag?post=37968"}],"curies":[{"name":"wp","href":"https:\/\/api.w.org\/{rel}","templated":true}]}}