{"id":37893,"date":"2024-09-19T16:50:18","date_gmt":"2024-09-19T14:50:18","guid":{"rendered":"https:\/\/www.vilaweb.cat\/botiga\/?post_type=product&#038;p=37893"},"modified":"2026-01-16T19:08:31","modified_gmt":"2026-01-16T18:08:31","slug":"no-pensis-mira-davant-de-lobra-dart","status":"publish","type":"product","link":"https:\/\/www.vilaweb.cat\/botiga\/producte\/no-pensis-mira-davant-de-lobra-dart\/","title":{"rendered":"No pensis, mira. Davant de l&#8217;obra d&#8217;art"},"content":{"rendered":"<div class=\"frase-mkt\">\n<div class=\"frase-mkt\">\n<div class=\"col-md-4 col-sm-7 col-xs-12 lh24\">\n<div class=\"textContent mt10px\">\n<p>Una\u00a0exquisita proposta sobre la relaci\u00f3 directa i personal de cadasc\u00fa amb les obres d\u2019art i amb les exposicions.<\/p>\n<p>Professora d\u2019art i cronista d\u2019exposicions durant una bona colla d\u2019anys, els punts de vista de Merc\u00e8 Ibarz sobre q\u00fcestions art\u00edstiques s\u00f3n sempre personals, fonamentats i d\u2019una gran lucidesa. En aquest llibre convida el lector a enfocar la mirada i establir una relaci\u00f3 directa amb les obres.<\/p>\n<p>Entre la mem\u00f2ria \u00edntima, l\u2019observaci\u00f3 culta i l\u2019an\u00e0lisi social,\u00a0<em>No pensis, mira<\/em>\u00a0\u00e9s un assaig exquisit i estimulant, una mostra m\u00e9s de la intel\u00b7lig\u00e8ncia, la sensibilitat i la claredat expositiva que defineixen l\u2019autora.<\/p>\n<\/div>\n<\/div>\n<div><\/div>\n<\/div>\n<blockquote id=\"page#5\" class=\"uk-width-xlarge uk-margin-auto uk-text-left\"><\/blockquote>\n<\/div>\n","protected":false},"excerpt":{"rendered":"<p>AUTOR: Merc\u00e8 Ibarz<br \/>\nISBN: 9788433927071<br \/>\nEDICI\u00d3: 1a<br \/>\nENQUADERNACI\u00d3: Rustica amb solapes<br \/>\nFORMAT: 10 x 17 cm<br \/>\nP\u00c0GINES: 104<br \/>\nIDIOMA: Catal\u00e0<\/p>\n","protected":false},"featured_media":37894,"template":"","meta":[],"product_cat":[42,427,18,423],"product_tag":[],"_links":{"self":[{"href":"https:\/\/www.vilaweb.cat\/botiga\/wp-json\/wp\/v2\/product\/37893"}],"collection":[{"href":"https:\/\/www.vilaweb.cat\/botiga\/wp-json\/wp\/v2\/product"}],"about":[{"href":"https:\/\/www.vilaweb.cat\/botiga\/wp-json\/wp\/v2\/types\/product"}],"wp:featuredmedia":[{"embeddable":true,"href":"https:\/\/www.vilaweb.cat\/botiga\/wp-json\/wp\/v2\/media\/37894"}],"wp:attachment":[{"href":"https:\/\/www.vilaweb.cat\/botiga\/wp-json\/wp\/v2\/media?parent=37893"}],"wp:term":[{"taxonomy":"product_cat","embeddable":true,"href":"https:\/\/www.vilaweb.cat\/botiga\/wp-json\/wp\/v2\/product_cat?post=37893"},{"taxonomy":"product_tag","embeddable":true,"href":"https:\/\/www.vilaweb.cat\/botiga\/wp-json\/wp\/v2\/product_tag?post=37893"}],"curies":[{"name":"wp","href":"https:\/\/api.w.org\/{rel}","templated":true}]}}