{"id":37881,"date":"2024-09-18T16:51:35","date_gmt":"2024-09-18T14:51:35","guid":{"rendered":"https:\/\/www.vilaweb.cat\/botiga\/?post_type=product&#038;p=37881"},"modified":"2026-01-16T19:08:38","modified_gmt":"2026-01-16T18:08:38","slug":"cornelius-lalmogaver","status":"publish","type":"product","link":"https:\/\/www.vilaweb.cat\/botiga\/producte\/cornelius-lalmogaver\/","title":{"rendered":"Corn\u00e8lius, l&#8217;almog\u00e0ver"},"content":{"rendered":"<div class=\"frase-mkt\">\n<div class=\"frase-mkt\">\n<p>Al segle XIII, en una \u00e8poca de conquestes i fervor religi\u00f3s, el cavaller Corn\u00e8lius Papapoulus, nascut a la noble ciutat de Famagusta, veu la seva vida marcada per una s\u00e8rie de renaixements que el transformen profundament. Despr\u00e9s de con\u00e8ixer Ramon Llull, Corn\u00e8lius s\u2019uneix als temuts almog\u00e0vers, liderats per Roger de Flor, per lluitar en les hist\u00f2riques campanyes contra els otomans que assetjaven Constantinoble. La seva travessia el portar\u00e0 als llocs emblem\u00e0tics de les batalles almog\u00e0vers, des de les terres de l\u2019Anat\u00f2lia o els grans ports de la Mediterr\u00e0nia fins a Arm\u00e8nia, en un seguit d\u2019aventures en qu\u00e8 coneixer\u00e0 la bella Garsenda de Torroella, que esdevindr\u00e0 una figura cabdal a la seva vida.<\/p>\n<p>Corn\u00e8lius, l\u2019almog\u00e0ver \u00e9s una novel\u00b7la que transporta el lector a una \u00e8poca d\u2019intrigues, batalles \u00e8piques i aliances tra\u00efdores. Amb un estil vibrant, Pilar Rahola ens ofereix un relat apassionant sobre la resist\u00e8ncia i la perseveran\u00e7a dels nostres avantpassats.<\/p>\n<p>\u00abCorn\u00e8lius Papapoulus va n\u00e9ixer tres vegades.<\/p>\n<p>La primera vegada va ser als afores de Famagusta, la noble ciutat on es coronaven els reis de Jerusalem, un dia de novembre de 1285, quan la seva mare, fent un gran esgarip, el va tirar per terra. Feia hores que intentava, a la gatzoneta, parir aquell bony intr\u00fas que se li havia ficat al ventre, i quan finalment va comen\u00e7ar a sortir, un darrer esfor\u00e7 el va expel\u00b7lir com si fos un gran pet. Alleugerida, es va espaterrar al voltant del bassal de sang on havia aterrat el menut cos llard\u00f3s que havia tret del ventre, i amb la m\u00e0 el va sacsejar per veure si es movia\u00bb.<\/p>\n<\/div>\n<blockquote id=\"page#5\" class=\"uk-width-xlarge uk-margin-auto uk-text-left\"><\/blockquote>\n<\/div>\n","protected":false},"excerpt":{"rendered":"<p>AUTOR: Pilar Rahola<br \/>\nISBN: 9788466432375<br \/>\nEDICI\u00d3: 1a<br \/>\nENQUADERNACI\u00d3: Rustica amb solapes<br \/>\nFORMAT: 16 x 24 cm<br \/>\nP\u00c0GINES: 328<br \/>\nIDIOMA: Catal\u00e0<\/p>\n","protected":false},"featured_media":37882,"template":"","meta":[],"product_cat":[427,18,49,45],"product_tag":[],"_links":{"self":[{"href":"https:\/\/www.vilaweb.cat\/botiga\/wp-json\/wp\/v2\/product\/37881"}],"collection":[{"href":"https:\/\/www.vilaweb.cat\/botiga\/wp-json\/wp\/v2\/product"}],"about":[{"href":"https:\/\/www.vilaweb.cat\/botiga\/wp-json\/wp\/v2\/types\/product"}],"wp:featuredmedia":[{"embeddable":true,"href":"https:\/\/www.vilaweb.cat\/botiga\/wp-json\/wp\/v2\/media\/37882"}],"wp:attachment":[{"href":"https:\/\/www.vilaweb.cat\/botiga\/wp-json\/wp\/v2\/media?parent=37881"}],"wp:term":[{"taxonomy":"product_cat","embeddable":true,"href":"https:\/\/www.vilaweb.cat\/botiga\/wp-json\/wp\/v2\/product_cat?post=37881"},{"taxonomy":"product_tag","embeddable":true,"href":"https:\/\/www.vilaweb.cat\/botiga\/wp-json\/wp\/v2\/product_tag?post=37881"}],"curies":[{"name":"wp","href":"https:\/\/api.w.org\/{rel}","templated":true}]}}