{"id":37838,"date":"2024-09-17T12:55:13","date_gmt":"2024-09-17T10:55:13","guid":{"rendered":"https:\/\/www.vilaweb.cat\/botiga\/?post_type=product&#038;p=37838"},"modified":"2026-01-20T18:42:08","modified_gmt":"2026-01-20T17:42:08","slug":"samarreta-drama","status":"publish","type":"product","link":"https:\/\/www.vilaweb.cat\/botiga\/producte\/samarreta-drama\/","title":{"rendered":"Samarreta DRAMA"},"content":{"rendered":"","protected":false},"excerpt":{"rendered":"<p>Disseny de Pit i Collons<\/p>\n<p>Composici\u00f3 del teixit: 100% cot\u00f3 org\u00e0nic i veg\u00e0 certificat per PETA i d&#8217;alta qualitat.<\/p>\n<p>Tamb\u00e9 compta amb els seg\u00fcents certificats de qualitat i sostenibilitat:<\/p>\n<p>&#8211; Oeko-Tex Standard 100<\/p>\n<p>&#8211; Organic Content Standard (OCS) Blended<\/p>\n<p>&#8211; Organic Content Standard (OCS) Blended\u00a0100<\/p>\n<p>&#8211; Global Organic Textile Standard (GOTS)<\/p>\n<p>&#8211; Global Recycled Standard (GRS)<\/p>\n<p>Talles: S, M, L, XL, XXL.<\/p>\n","protected":false},"featured_media":37839,"template":"","meta":[],"product_cat":[284,286],"product_tag":[],"_links":{"self":[{"href":"https:\/\/www.vilaweb.cat\/botiga\/wp-json\/wp\/v2\/product\/37838"}],"collection":[{"href":"https:\/\/www.vilaweb.cat\/botiga\/wp-json\/wp\/v2\/product"}],"about":[{"href":"https:\/\/www.vilaweb.cat\/botiga\/wp-json\/wp\/v2\/types\/product"}],"wp:featuredmedia":[{"embeddable":true,"href":"https:\/\/www.vilaweb.cat\/botiga\/wp-json\/wp\/v2\/media\/37839"}],"wp:attachment":[{"href":"https:\/\/www.vilaweb.cat\/botiga\/wp-json\/wp\/v2\/media?parent=37838"}],"wp:term":[{"taxonomy":"product_cat","embeddable":true,"href":"https:\/\/www.vilaweb.cat\/botiga\/wp-json\/wp\/v2\/product_cat?post=37838"},{"taxonomy":"product_tag","embeddable":true,"href":"https:\/\/www.vilaweb.cat\/botiga\/wp-json\/wp\/v2\/product_tag?post=37838"}],"curies":[{"name":"wp","href":"https:\/\/api.w.org\/{rel}","templated":true}]}}