{"id":37827,"date":"2024-09-16T16:41:13","date_gmt":"2024-09-16T14:41:13","guid":{"rendered":"https:\/\/www.vilaweb.cat\/botiga\/?post_type=product&#038;p=37827"},"modified":"2026-01-16T19:08:48","modified_gmt":"2026-01-16T18:08:48","slug":"nexus-una-breu-historia-de-les-xarxes-dinformacio-des-de-ledat-de-pedra-fins-a-la-ia","status":"publish","type":"product","link":"https:\/\/www.vilaweb.cat\/botiga\/producte\/nexus-una-breu-historia-de-les-xarxes-dinformacio-des-de-ledat-de-pedra-fins-a-la-ia\/","title":{"rendered":"Nexus. Una breu hist\u00f2ria de les xarxes d&#8217;informaci\u00f3 des de l&#8217;edat de pedra fins a la IA"},"content":{"rendered":"<div class=\"frase-mkt\">\n<div class=\"frase-mkt\">\n<p>A\u00a0<i>Nexus,<\/i>\u00a0Y. N. Harari contempla la humanitat des de l\u2019\u00e0mplia perspectiva de la hist\u00f2ria per analitzar com les xarxes d\u2019informaci\u00f3 han conformat el nostre m\u00f3n i a nosaltres mateixos. Durant els \u00faltims 100.000 anys, els s\u00e0piens hem acumulat un poder enorme. Per\u00f2 malgrat tot, ens trobem ara en una crisi existencial. El m\u00f3n est\u00e0 a la vora del col\u00b7lapse, la desinformaci\u00f3\u00a0abunda i ens estem precipitant cap a l\u2019era de la IA. Per qu\u00e8 som tan autodestructius?<\/p>\n<p>Des de l\u2019edat de pedra, passant per la canonitzaci\u00f3 de la B\u00edblia, les primeres caces de bruixes de l\u2019era moderna, l\u2019estalinisme, el nazisme i el ressorgiment del populisme actual, Harari ens proposa que considerem la complexa relaci\u00f3 entre informaci\u00f3 i veritat, entre burocr\u00e0cia i mitologia, entre saviesa i poder. I aborda les importants decisions a les quals ens enfrontem a mesura que la intel\u00b7lig\u00e8ncia no humana avan\u00e7a.<\/p>\n<\/div>\n<blockquote id=\"page#5\" class=\"uk-width-xlarge uk-margin-auto uk-text-left\"><\/blockquote>\n<\/div>\n","protected":false},"excerpt":{"rendered":"<p>AUTOR: Yuval Noah Harari<br \/>\nISBN: 9788429781991<br \/>\nEDICI\u00d3: 1a<br \/>\nENQUADERNACI\u00d3: Dura amb sobrecoberta<br \/>\nFORMAT: 16 x 24 cm<br \/>\nP\u00c0GINES: 696<br \/>\nIDIOMA: Catal\u00e0<\/p>\n","protected":false},"featured_media":37828,"template":"","meta":[],"product_cat":[427,18,42,45],"product_tag":[],"_links":{"self":[{"href":"https:\/\/www.vilaweb.cat\/botiga\/wp-json\/wp\/v2\/product\/37827"}],"collection":[{"href":"https:\/\/www.vilaweb.cat\/botiga\/wp-json\/wp\/v2\/product"}],"about":[{"href":"https:\/\/www.vilaweb.cat\/botiga\/wp-json\/wp\/v2\/types\/product"}],"wp:featuredmedia":[{"embeddable":true,"href":"https:\/\/www.vilaweb.cat\/botiga\/wp-json\/wp\/v2\/media\/37828"}],"wp:attachment":[{"href":"https:\/\/www.vilaweb.cat\/botiga\/wp-json\/wp\/v2\/media?parent=37827"}],"wp:term":[{"taxonomy":"product_cat","embeddable":true,"href":"https:\/\/www.vilaweb.cat\/botiga\/wp-json\/wp\/v2\/product_cat?post=37827"},{"taxonomy":"product_tag","embeddable":true,"href":"https:\/\/www.vilaweb.cat\/botiga\/wp-json\/wp\/v2\/product_tag?post=37827"}],"curies":[{"name":"wp","href":"https:\/\/api.w.org\/{rel}","templated":true}]}}