{"id":37558,"date":"2024-09-09T13:32:46","date_gmt":"2024-09-09T11:32:46","guid":{"rendered":"https:\/\/www.vilaweb.cat\/botiga\/?post_type=product&#038;p=37558"},"modified":"2026-01-16T19:08:55","modified_gmt":"2026-01-16T18:08:55","slug":"criar-junts","status":"publish","type":"product","link":"https:\/\/www.vilaweb.cat\/botiga\/producte\/criar-junts\/","title":{"rendered":"Criar junts"},"content":{"rendered":"<div class=\"frase-mkt\">\n<div class=\"frase-mkt\">\n<p>L&#8217;arribada d&#8217;un fill \u00e9s una cosa tan potent i transformadora que inevitablement provoca canvis en els progenitors. La relaci\u00f3 de parella que tenien fins ara tamb\u00e9 se&#8217;n veu afectada, perqu\u00e8 cal afrontar un repte en com\u00fa absolutament nou: criar un fill. Aquest nad\u00f3, al seu torn, remour\u00e0 el nen que cadasc\u00fa de nosaltres va ser. I des d&#8217;aquesta remoguda, tan monumental com -a vegades- inconscient, com podem ser capa\u00e7os de continuar tenint una bona relaci\u00f3 de parella? Com podem mantenir un vincle sa, que sumi i que estigui ple d&#8217;amor, respecte i connexi\u00f3?<\/p>\n<p>Sovint, ens trobem que els canvis s\u00f3n tants i tot va tan de pressa que la parella, centrada a tirar endavant els fills i a treballar, es va desconnectant i distanciant fins al punt que molts senten que la conviv\u00e8ncia amb l&#8217;altre ha esdevingut una cosa semblant a la de simples companys de pis, fet que els porta a pensar, inevitablement, en la separaci\u00f3. Qu\u00e8 podem fer perqu\u00e8 aix\u00f2 no passi?<\/p>\n<p>En aquest llibre, M\u00edriam Tirado, especialista en maternitat, paternitat i crian\u00e7a, ens ajuda a detectar on s\u00f3n les mancances, per intentar, amb molts exercicis pr\u00e0ctics i propostes, sanar-les i aconseguir criar i cr\u00e9ixer junts, amb una relaci\u00f3 de parella sana, amorosa i feli\u00e7. Un llibre ideal tant per a parelles que encara no tenen fills com per a aquelles que ja en tenen i volen portar la seva relaci\u00f3 a un altre nivell, m\u00e9s connectat i ple.<\/p>\n<\/div>\n<blockquote id=\"page#5\" class=\"uk-width-xlarge uk-margin-auto uk-text-left\"><\/blockquote>\n<\/div>\n","protected":false},"excerpt":{"rendered":"<p>AUTOR: M\u00edriam Tirado<br \/>\nISBN: 9788419259707<br \/>\nEDICI\u00d3: 1a<br \/>\nENQUADERNACI\u00d3: R\u00fastica amb solapes<br \/>\nFORMAT: 14 x 21 cm<br \/>\nP\u00c0GINES: 254<br \/>\nIDIOMA: Catal\u00e0<\/p>\n","protected":false},"featured_media":37561,"template":"","meta":[],"product_cat":[42,427,18],"product_tag":[],"_links":{"self":[{"href":"https:\/\/www.vilaweb.cat\/botiga\/wp-json\/wp\/v2\/product\/37558"}],"collection":[{"href":"https:\/\/www.vilaweb.cat\/botiga\/wp-json\/wp\/v2\/product"}],"about":[{"href":"https:\/\/www.vilaweb.cat\/botiga\/wp-json\/wp\/v2\/types\/product"}],"wp:featuredmedia":[{"embeddable":true,"href":"https:\/\/www.vilaweb.cat\/botiga\/wp-json\/wp\/v2\/media\/37561"}],"wp:attachment":[{"href":"https:\/\/www.vilaweb.cat\/botiga\/wp-json\/wp\/v2\/media?parent=37558"}],"wp:term":[{"taxonomy":"product_cat","embeddable":true,"href":"https:\/\/www.vilaweb.cat\/botiga\/wp-json\/wp\/v2\/product_cat?post=37558"},{"taxonomy":"product_tag","embeddable":true,"href":"https:\/\/www.vilaweb.cat\/botiga\/wp-json\/wp\/v2\/product_tag?post=37558"}],"curies":[{"name":"wp","href":"https:\/\/api.w.org\/{rel}","templated":true}]}}