{"id":37425,"date":"2024-09-06T11:20:46","date_gmt":"2024-09-06T09:20:46","guid":{"rendered":"https:\/\/www.vilaweb.cat\/botiga\/?post_type=product&#038;p=37425"},"modified":"2026-01-16T19:09:01","modified_gmt":"2026-01-16T18:09:01","slug":"tots-aquells-mars","status":"publish","type":"product","link":"https:\/\/www.vilaweb.cat\/botiga\/producte\/tots-aquells-mars\/","title":{"rendered":"Tots aquells mars"},"content":{"rendered":"<div class=\"frase-mkt\">\n<div class=\"frase-mkt\">\n<p>La Greta, marcada per la desaparici\u00f3 de la seva germana petita, la Julieta, torna a Formentera per cuidar la seva estimada \u00e0via Matilde. Aquesta decisi\u00f3 la for\u00e7a a enfrontar-se amb els fantasmes del passat i amb la mare, l\u2019Helena, amb qui t\u00e9 una relaci\u00f3 distant i conflictiva. La Matilde, el pilar de la fam\u00edlia, mant\u00e9 viva la flama de la infantesa a trav\u00e9s de les llegendes m\u00e0giques de l\u2019illa, les hist\u00f2ries i la seva saviesa.<\/p>\n<p><em>Tots aquells mars<\/em>, de Laia Aguilar, \u00e9s un relat ple de llum, \u00edntim i emotiu, de redempci\u00f3, sobre la profunditat de les relacions humanes i la complexitat dels vincles familiars.<\/p>\n<p>\u00abNo vull que te\u2019n vagis, \u00e0via. No vull que te\u2019n vagis quan tu ets l\u2019\u00fanica persona al m\u00f3n que m\u2019ha aconseguit estimar. Tot aquest temps aqu\u00ed, m\u2019he intentat aferrar a algun signe exterior que em fes sentir a casa, i malgrat haver connectat una mica amb la mare, malgrat haver connectat amb l\u2019illa, tu ets l\u2019\u00fanica que m\u2019has fet sentir realment d\u2019aquest m\u00f3n. [\u2026] I recordo el dia que vaig escapar-me de casa i tu vas abra\u00e7ar-me ben fort, i vam fabricar entre totes dues una posid\u00f2nia formada de teles i de cortines de casa, o el dia que m\u2019explicaves llegendes asseguda a la falda i jo no en tenia mai prou. Per molt que t\u2019hagis equivocat, per molt que hagis pres decisions err\u00f2nies, tu ets la persona que m\u00e9s m\u2019ha estimat a la vida. Gr\u00e0cies per cuidar-me\u00bb.<\/p>\n<\/div>\n<blockquote id=\"page#5\" class=\"uk-width-xlarge uk-margin-auto uk-text-left\"><\/blockquote>\n<\/div>\n","protected":false},"excerpt":{"rendered":"<p>AUTOR: Laia Aguilar<br \/>\nISBN: 9788466432283<br \/>\nEDICI\u00d3: 1a<br \/>\nENQUADERNACI\u00d3: Dura amb sobrecoberta<br \/>\nFORMAT: 14 x 21 cm<br \/>\nP\u00c0GINES: 264<br \/>\nIDIOMA: Catal\u00e0<\/p>\n","protected":false},"featured_media":37426,"template":"","meta":[],"product_cat":[427,49,18],"product_tag":[],"_links":{"self":[{"href":"https:\/\/www.vilaweb.cat\/botiga\/wp-json\/wp\/v2\/product\/37425"}],"collection":[{"href":"https:\/\/www.vilaweb.cat\/botiga\/wp-json\/wp\/v2\/product"}],"about":[{"href":"https:\/\/www.vilaweb.cat\/botiga\/wp-json\/wp\/v2\/types\/product"}],"wp:featuredmedia":[{"embeddable":true,"href":"https:\/\/www.vilaweb.cat\/botiga\/wp-json\/wp\/v2\/media\/37426"}],"wp:attachment":[{"href":"https:\/\/www.vilaweb.cat\/botiga\/wp-json\/wp\/v2\/media?parent=37425"}],"wp:term":[{"taxonomy":"product_cat","embeddable":true,"href":"https:\/\/www.vilaweb.cat\/botiga\/wp-json\/wp\/v2\/product_cat?post=37425"},{"taxonomy":"product_tag","embeddable":true,"href":"https:\/\/www.vilaweb.cat\/botiga\/wp-json\/wp\/v2\/product_tag?post=37425"}],"curies":[{"name":"wp","href":"https:\/\/api.w.org\/{rel}","templated":true}]}}