{"id":37260,"date":"2024-09-03T12:29:38","date_gmt":"2024-09-03T10:29:38","guid":{"rendered":"https:\/\/www.vilaweb.cat\/botiga\/?post_type=product&#038;p=37260"},"modified":"2026-01-16T19:09:21","modified_gmt":"2026-01-16T18:09:21","slug":"viure-entre-pantalles-entendre-i-acompanyar-els-joves-en-el-mon-digital","status":"publish","type":"product","link":"https:\/\/www.vilaweb.cat\/botiga\/producte\/viure-entre-pantalles-entendre-i-acompanyar-els-joves-en-el-mon-digital\/","title":{"rendered":"Viure entre pantalles. Entendre i acompanyar els joves en el m\u00f3n digital"},"content":{"rendered":"<div class=\"frase-mkt\">\n<p>Vivim en un m\u00f3n envoltat de pantalles. Les noves tecnologies s&#8217;han tornat imprescindibles en el nostre dia a dia, sobretot despr\u00e9s de la pand\u00e8mia, i \u00e9s indiscutible que ens han aportat molts avantatges. Per\u00f2 n&#8217;hem perdut el control? Com hem d&#8217;acompanyar els adolescents, que ja han nascut en l&#8217;era digital, en aquest m\u00f3n? Quins riscos i perills suposen per als joves les pantalles? Darrerament totes les preocupacions s&#8217;han bolcat sobre aquesta generaci\u00f3, per\u00f2 les pantalles s\u00f3n les \u00faniques culpables dels malestars dels adolescents? Com podem fer front al repte d&#8217;assolir el benestar digital?<\/p>\n<p>El debat \u00e9s ampli i complex. Josep Matal\u00ed i Jordi Bernabeu, psic\u00f2legs experts en addiccions, q\u00fcestionen en aquest assaig algunes idees preconcebudes, aporten el seu coneixement sobre les addicions i generen arguments per afrontar aquest debat sobre l&#8217;\u00fas de les pantalles.<\/p>\n<\/div>\n","protected":false},"excerpt":{"rendered":"<p>AUTOR: Josep Matal\u00ed i Jordi Bernabeu<br \/>\nISBN: 9788419756589<br \/>\nEDICI\u00d3: 1a<br \/>\nENQUADERNACI\u00d3: R\u00fastica amb solapes<br \/>\nFORMAT: 14 x 21 cm<br \/>\nP\u00c0GINES: 156<br \/>\nIDIOMA: Catal\u00e0<\/p>\n","protected":false},"featured_media":37263,"template":"","meta":[],"product_cat":[42,427,18],"product_tag":[],"_links":{"self":[{"href":"https:\/\/www.vilaweb.cat\/botiga\/wp-json\/wp\/v2\/product\/37260"}],"collection":[{"href":"https:\/\/www.vilaweb.cat\/botiga\/wp-json\/wp\/v2\/product"}],"about":[{"href":"https:\/\/www.vilaweb.cat\/botiga\/wp-json\/wp\/v2\/types\/product"}],"wp:featuredmedia":[{"embeddable":true,"href":"https:\/\/www.vilaweb.cat\/botiga\/wp-json\/wp\/v2\/media\/37263"}],"wp:attachment":[{"href":"https:\/\/www.vilaweb.cat\/botiga\/wp-json\/wp\/v2\/media?parent=37260"}],"wp:term":[{"taxonomy":"product_cat","embeddable":true,"href":"https:\/\/www.vilaweb.cat\/botiga\/wp-json\/wp\/v2\/product_cat?post=37260"},{"taxonomy":"product_tag","embeddable":true,"href":"https:\/\/www.vilaweb.cat\/botiga\/wp-json\/wp\/v2\/product_tag?post=37260"}],"curies":[{"name":"wp","href":"https:\/\/api.w.org\/{rel}","templated":true}]}}