{"id":37080,"date":"2024-08-29T12:58:41","date_gmt":"2024-08-29T10:58:41","guid":{"rendered":"https:\/\/www.vilaweb.cat\/botiga\/?post_type=product&#038;p=37080"},"modified":"2026-01-16T19:09:48","modified_gmt":"2026-01-16T18:09:48","slug":"cavall-atleta-ocell","status":"publish","type":"product","link":"https:\/\/www.vilaweb.cat\/botiga\/producte\/cavall-atleta-ocell\/","title":{"rendered":"Cavall, atleta, ocell"},"content":{"rendered":"<div class=\"frase-mkt\">\n<p>Qu\u00e8 es pot fer davant d\u2019un mal pas, si tot intent de superar-lo fracassa? Fins on pot el desesper ser un est\u00edmul per a la imaginaci\u00f3? Alapont, un fuster humil i perfeccionista, observa amb preocupaci\u00f3 la deriva del seu fill, Aristides, que tot just ha entrat a l\u2019adolesc\u00e8ncia i ha estat conquerit per l\u2019apatia.<\/p>\n<p>L\u00facida i intimista,\u00a0<i>Cavall, atleta, ocell<\/i>\u00a0aborda la complexitat de les relacions paternofilials, alhora que mostra qu\u00e8 \u00e9s capa\u00e7 de fer un pare per salvar all\u00f2 que m\u00e9s s\u2019estima al m\u00f3n.<\/p>\n<\/div>\n","protected":false},"excerpt":{"rendered":"<p>AUTOR: Manuel Baixauli<br \/>\nISBN: 9788419332691<br \/>\nEDICI\u00d3: 1a<br \/>\nENQUADERNACI\u00d3: R\u00fastica amb solapes<br \/>\nFORMAT: 14 x 21 cm<br \/>\nP\u00c0GINES: 256<br \/>\nIDIOMA: Catal\u00e0<\/p>\n","protected":false},"featured_media":37081,"template":"","meta":[],"product_cat":[427,49,18],"product_tag":[],"_links":{"self":[{"href":"https:\/\/www.vilaweb.cat\/botiga\/wp-json\/wp\/v2\/product\/37080"}],"collection":[{"href":"https:\/\/www.vilaweb.cat\/botiga\/wp-json\/wp\/v2\/product"}],"about":[{"href":"https:\/\/www.vilaweb.cat\/botiga\/wp-json\/wp\/v2\/types\/product"}],"wp:featuredmedia":[{"embeddable":true,"href":"https:\/\/www.vilaweb.cat\/botiga\/wp-json\/wp\/v2\/media\/37081"}],"wp:attachment":[{"href":"https:\/\/www.vilaweb.cat\/botiga\/wp-json\/wp\/v2\/media?parent=37080"}],"wp:term":[{"taxonomy":"product_cat","embeddable":true,"href":"https:\/\/www.vilaweb.cat\/botiga\/wp-json\/wp\/v2\/product_cat?post=37080"},{"taxonomy":"product_tag","embeddable":true,"href":"https:\/\/www.vilaweb.cat\/botiga\/wp-json\/wp\/v2\/product_tag?post=37080"}],"curies":[{"name":"wp","href":"https:\/\/api.w.org\/{rel}","templated":true}]}}